{"id":939,"date":"2024-05-21T10:08:44","date_gmt":"2024-05-21T10:08:44","guid":{"rendered":"https:\/\/sindiobag.com\/?post_type=product&#038;p=939"},"modified":"2025-05-08T07:39:08","modified_gmt":"2025-05-08T07:39:08","slug":"padded-laptop-dedicated-storage-pocket","status":"publish","type":"product","link":"https:\/\/sindiobag.com\/fr\/produit\/padded-laptop-dedicated-storage-pocket\/","title":{"rendered":"Poches de rangement d\u00e9di\u00e9es"},"content":{"rendered":"<p>La housse pour ordinateur portable rembourr\u00e9e avec la construction SafeEdge prot\u00e8ge votre MacBook Pro 15\u2033 ou votre PC 15. 6\u2033. La pochette de rangement d\u00e9di\u00e9e avec doublure int\u00e9rieure souple prot\u00e8ge votre tablette.<\/p>","protected":false},"excerpt":{"rendered":"<p>Id\u00e9al pour les \u00e9tudiants comme pour les professionnels, ce sac \u00e0 dos \u00e9l\u00e9gant et styl\u00e9 offre une durabilit\u00e9 in\u00e9gal\u00e9e avec des mat\u00e9riaux r\u00e9sistants \u00e0 l'eau et aux perforations. Dot\u00e9 de plusieurs compartiments, dont deux sections principales zipp\u00e9es et de plusieurs poches int\u00e9rieures, il garantit que tous vos essentiels sont organis\u00e9s et s\u00e9curis\u00e9s.<\/p>","protected":false},"featured_media":2027,"comment_status":"closed","ping_status":"closed","template":"","meta":{"_acf_changed":false},"product_brand":[],"product_cat":[38,40,26],"product_tag":[],"class_list":{"0":"post-939","1":"product","2":"type-product","3":"status-publish","4":"has-post-thumbnail","6":"product_cat-bag-pack","7":"product_cat-school-bag","8":"product_cat-tourist-bag","10":"first","11":"instock","12":"sale","13":"shipping-taxable","14":"purchasable","15":"product-type-variable","16":"add-to-wishlist-after_add_to_cart"},"acf":[],"_links":{"self":[{"href":"https:\/\/sindiobag.com\/fr\/wp-json\/wp\/v2\/product\/939","targetHints":{"allow":["GET"]}}],"collection":[{"href":"https:\/\/sindiobag.com\/fr\/wp-json\/wp\/v2\/product"}],"about":[{"href":"https:\/\/sindiobag.com\/fr\/wp-json\/wp\/v2\/types\/product"}],"replies":[{"embeddable":true,"href":"https:\/\/sindiobag.com\/fr\/wp-json\/wp\/v2\/comments?post=939"}],"version-history":[{"count":2,"href":"https:\/\/sindiobag.com\/fr\/wp-json\/wp\/v2\/product\/939\/revisions"}],"predecessor-version":[{"id":3802,"href":"https:\/\/sindiobag.com\/fr\/wp-json\/wp\/v2\/product\/939\/revisions\/3802"}],"wp:featuredmedia":[{"embeddable":true,"href":"https:\/\/sindiobag.com\/fr\/wp-json\/wp\/v2\/media\/2027"}],"wp:attachment":[{"href":"https:\/\/sindiobag.com\/fr\/wp-json\/wp\/v2\/media?parent=939"}],"wp:term":[{"taxonomy":"product_brand","embeddable":true,"href":"https:\/\/sindiobag.com\/fr\/wp-json\/wp\/v2\/product_brand?post=939"},{"taxonomy":"product_cat","embeddable":true,"href":"https:\/\/sindiobag.com\/fr\/wp-json\/wp\/v2\/product_cat?post=939"},{"taxonomy":"product_tag","embeddable":true,"href":"https:\/\/sindiobag.com\/fr\/wp-json\/wp\/v2\/product_tag?post=939"}],"curies":[{"name":"wp","href":"https:\/\/api.w.org\/{rel}","templated":true}]}}