{"id":93,"date":"2024-05-16T08:58:36","date_gmt":"2024-05-16T08:58:36","guid":{"rendered":"https:\/\/sindiobag.com\/?post_type=product&#038;p=93"},"modified":"2025-01-20T10:39:56","modified_gmt":"2025-01-20T10:39:56","slug":"water-repellent-fabric","status":"publish","type":"product","link":"https:\/\/sindiobag.com\/fr\/produit\/water-repellent-fabric\/","title":{"rendered":"Hydrofuge"},"content":{"rendered":"<p>Our water-repellent fabric ensures your essentials stay dry, perfect for any weather.<\/p>\n<p>Id\u00e9al pour les \u00e9tudiants comme pour les professionnels, ce sac \u00e0 dos \u00e9l\u00e9gant et styl\u00e9 offre une durabilit\u00e9 in\u00e9gal\u00e9e avec des mat\u00e9riaux r\u00e9sistants \u00e0 l'eau et aux perforations. Dot\u00e9 de plusieurs compartiments, dont deux sections principales zipp\u00e9es et de plusieurs poches int\u00e9rieures, il garantit que tous vos essentiels sont organis\u00e9s et s\u00e9curis\u00e9s.<\/p>","protected":false},"excerpt":{"rendered":"<p>Id\u00e9al pour les \u00e9tudiants comme pour les professionnels, ce sac \u00e0 dos \u00e9l\u00e9gant et styl\u00e9 offre une durabilit\u00e9 in\u00e9gal\u00e9e avec des mat\u00e9riaux r\u00e9sistants \u00e0 l'eau et aux perforations. Dot\u00e9 de plusieurs compartiments, dont deux sections principales zipp\u00e9es et de plusieurs poches int\u00e9rieures, il garantit que tous vos essentiels sont organis\u00e9s et s\u00e9curis\u00e9s.<\/p>","protected":false},"featured_media":2025,"comment_status":"closed","ping_status":"closed","template":"","meta":{"_acf_changed":false},"product_brand":[],"product_cat":[38,39,40,26],"product_tag":[],"class_list":{"0":"post-93","1":"product","2":"type-product","3":"status-publish","4":"has-post-thumbnail","6":"product_cat-bag-pack","7":"product_cat-hand-bag","8":"product_cat-school-bag","9":"product_cat-tourist-bag","11":"first","12":"instock","13":"sale","14":"shipping-taxable","15":"purchasable","16":"product-type-variable","17":"add-to-wishlist-after_add_to_cart"},"acf":[],"_links":{"self":[{"href":"https:\/\/sindiobag.com\/fr\/wp-json\/wp\/v2\/product\/93","targetHints":{"allow":["GET"]}}],"collection":[{"href":"https:\/\/sindiobag.com\/fr\/wp-json\/wp\/v2\/product"}],"about":[{"href":"https:\/\/sindiobag.com\/fr\/wp-json\/wp\/v2\/types\/product"}],"replies":[{"embeddable":true,"href":"https:\/\/sindiobag.com\/fr\/wp-json\/wp\/v2\/comments?post=93"}],"version-history":[{"count":0,"href":"https:\/\/sindiobag.com\/fr\/wp-json\/wp\/v2\/product\/93\/revisions"}],"wp:featuredmedia":[{"embeddable":true,"href":"https:\/\/sindiobag.com\/fr\/wp-json\/wp\/v2\/media\/2025"}],"wp:attachment":[{"href":"https:\/\/sindiobag.com\/fr\/wp-json\/wp\/v2\/media?parent=93"}],"wp:term":[{"taxonomy":"product_brand","embeddable":true,"href":"https:\/\/sindiobag.com\/fr\/wp-json\/wp\/v2\/product_brand?post=93"},{"taxonomy":"product_cat","embeddable":true,"href":"https:\/\/sindiobag.com\/fr\/wp-json\/wp\/v2\/product_cat?post=93"},{"taxonomy":"product_tag","embeddable":true,"href":"https:\/\/sindiobag.com\/fr\/wp-json\/wp\/v2\/product_tag?post=93"}],"curies":[{"name":"wp","href":"https:\/\/api.w.org\/{rel}","templated":true}]}}