{"id":928,"date":"2024-05-21T09:47:21","date_gmt":"2024-05-21T09:47:21","guid":{"rendered":"https:\/\/sindiobag.com\/?post_type=product&#038;p=928"},"modified":"2025-04-11T20:56:55","modified_gmt":"2025-04-11T20:56:55","slug":"backpack-sindio-mammoth-lifestyle-1-0","status":"publish","type":"product","link":"https:\/\/sindiobag.com\/fr\/produit\/backpack-sindio-mammoth-lifestyle-1-0\/","title":{"rendered":"Sac \u00e0 dos Sindio Mammouth Lifestyle 1.0"},"content":{"rendered":"<p>Parfait pour les \u00e9tudiants et les professionnels, ce sac \u00e0 dos \u00e9l\u00e9gant et styl\u00e9 offre une durabilit\u00e9 in\u00e9gal\u00e9e avec une protection contre l'eau et l'humidit\u00e9.<br \/>\nmat\u00e9riaux r\u00e9sistants \u00e0 la perforation. Dot\u00e9 de plusieurs compartiments, dont deux sections principales \u00e0 fermeture \u00e9clair, et de plusieurs poches int\u00e9rieures, il garantit que tous vos objets essentiels sont organis\u00e9s et en s\u00e9curit\u00e9. Les bretelles matelass\u00e9es r\u00e9glables offrent un confort ergonomique, tandis que les commodit\u00e9s technologiques int\u00e9gr\u00e9es, comme la prise pour le chargement du t\u00e9l\u00e9phone et la prise pour les \u00e9couteurs, vous permettent de rester connect\u00e9 pendant vos d\u00e9placements. Qu'il s'agisse de braver la pluie ou de sillonner les rues de la ville, le Mammoth Lifestyle 1.0 est un compagnon fiable pour toutes les aventures. Ce sac \u00e0 dos unisexe l\u00e9ger et portable est id\u00e9al pour l'universit\u00e9, les affaires, les trajets quotidiens, les activit\u00e9s de plein air, la randonn\u00e9e, les voyages, l'escalade, les \u00e9v\u00e9nements dans les stades, les sports, les sorties et les besoins de la rentr\u00e9e scolaire.<\/p>","protected":false},"excerpt":{"rendered":"<p>Sindio Sport est une entreprise sp\u00e9cialis\u00e9e dans le textile sportif depuis 2015. L'objectif de Sindio Sport est d'offrir une grande vari\u00e9t\u00e9 de personnalisation, de la couleur \u00e0 la taille, et nous sommes \u00e9galement disponibles pour vous aider dans vos projets sportifs.<\/p>","protected":false},"featured_media":1065,"comment_status":"closed","ping_status":"closed","template":"","meta":{"_acf_changed":false},"product_brand":[],"product_cat":[38,26],"product_tag":[],"class_list":{"0":"post-928","1":"product","2":"type-product","3":"status-publish","4":"has-post-thumbnail","6":"product_cat-bag-pack","7":"product_cat-tourist-bag","9":"first","10":"instock","11":"sale","12":"shipping-taxable","13":"purchasable","14":"product-type-variable","15":"add-to-wishlist-after_add_to_cart"},"acf":[],"_links":{"self":[{"href":"https:\/\/sindiobag.com\/fr\/wp-json\/wp\/v2\/product\/928","targetHints":{"allow":["GET"]}}],"collection":[{"href":"https:\/\/sindiobag.com\/fr\/wp-json\/wp\/v2\/product"}],"about":[{"href":"https:\/\/sindiobag.com\/fr\/wp-json\/wp\/v2\/types\/product"}],"replies":[{"embeddable":true,"href":"https:\/\/sindiobag.com\/fr\/wp-json\/wp\/v2\/comments?post=928"}],"version-history":[{"count":2,"href":"https:\/\/sindiobag.com\/fr\/wp-json\/wp\/v2\/product\/928\/revisions"}],"predecessor-version":[{"id":3804,"href":"https:\/\/sindiobag.com\/fr\/wp-json\/wp\/v2\/product\/928\/revisions\/3804"}],"wp:featuredmedia":[{"embeddable":true,"href":"https:\/\/sindiobag.com\/fr\/wp-json\/wp\/v2\/media\/1065"}],"wp:attachment":[{"href":"https:\/\/sindiobag.com\/fr\/wp-json\/wp\/v2\/media?parent=928"}],"wp:term":[{"taxonomy":"product_brand","embeddable":true,"href":"https:\/\/sindiobag.com\/fr\/wp-json\/wp\/v2\/product_brand?post=928"},{"taxonomy":"product_cat","embeddable":true,"href":"https:\/\/sindiobag.com\/fr\/wp-json\/wp\/v2\/product_cat?post=928"},{"taxonomy":"product_tag","embeddable":true,"href":"https:\/\/sindiobag.com\/fr\/wp-json\/wp\/v2\/product_tag?post=928"}],"curies":[{"name":"wp","href":"https:\/\/api.w.org\/{rel}","templated":true}]}}