{"id":105,"date":"2024-05-16T09:25:46","date_gmt":"2024-05-16T09:25:46","guid":{"rendered":"https:\/\/sindiobag.com\/?post_type=product&#038;p=105"},"modified":"2025-01-20T10:39:36","modified_gmt":"2025-01-20T10:39:36","slug":"pass-through-panel","status":"publish","type":"product","link":"https:\/\/sindiobag.com\/fr\/produit\/pass-through-panel\/","title":{"rendered":"Panneau de passage"},"content":{"rendered":"<p>Attach to rolling luggage using the pass-through panel to make traveling easier.<\/p>\n<p>Id\u00e9al pour les \u00e9tudiants comme pour les professionnels, ce sac \u00e0 dos \u00e9l\u00e9gant et styl\u00e9 offre une durabilit\u00e9 in\u00e9gal\u00e9e avec des mat\u00e9riaux r\u00e9sistants \u00e0 l'eau et aux perforations. Dot\u00e9 de plusieurs compartiments, dont deux sections principales zipp\u00e9es et de plusieurs poches int\u00e9rieures, il garantit que tous vos essentiels sont organis\u00e9s et s\u00e9curis\u00e9s.<\/p>","protected":false},"excerpt":{"rendered":"<p>Id\u00e9al pour les \u00e9tudiants comme pour les professionnels, ce sac \u00e0 dos \u00e9l\u00e9gant et styl\u00e9 offre une durabilit\u00e9 in\u00e9gal\u00e9e avec des mat\u00e9riaux r\u00e9sistants \u00e0 l'eau et aux perforations. Dot\u00e9 de plusieurs compartiments, dont deux sections principales zipp\u00e9es et de plusieurs poches int\u00e9rieures, il garantit que tous vos essentiels sont organis\u00e9s et s\u00e9curis\u00e9s.<\/p>","protected":false},"featured_media":2026,"comment_status":"closed","ping_status":"closed","template":"","meta":{"_acf_changed":false},"product_brand":[],"product_cat":[25],"product_tag":[],"class_list":{"0":"post-105","1":"product","2":"type-product","3":"status-publish","4":"has-post-thumbnail","6":"product_cat-sling-bag","8":"first","9":"instock","10":"sale","11":"shipping-taxable","12":"purchasable","13":"product-type-variable","14":"add-to-wishlist-after_add_to_cart"},"acf":[],"_links":{"self":[{"href":"https:\/\/sindiobag.com\/fr\/wp-json\/wp\/v2\/product\/105","targetHints":{"allow":["GET"]}}],"collection":[{"href":"https:\/\/sindiobag.com\/fr\/wp-json\/wp\/v2\/product"}],"about":[{"href":"https:\/\/sindiobag.com\/fr\/wp-json\/wp\/v2\/types\/product"}],"replies":[{"embeddable":true,"href":"https:\/\/sindiobag.com\/fr\/wp-json\/wp\/v2\/comments?post=105"}],"version-history":[{"count":0,"href":"https:\/\/sindiobag.com\/fr\/wp-json\/wp\/v2\/product\/105\/revisions"}],"wp:featuredmedia":[{"embeddable":true,"href":"https:\/\/sindiobag.com\/fr\/wp-json\/wp\/v2\/media\/2026"}],"wp:attachment":[{"href":"https:\/\/sindiobag.com\/fr\/wp-json\/wp\/v2\/media?parent=105"}],"wp:term":[{"taxonomy":"product_brand","embeddable":true,"href":"https:\/\/sindiobag.com\/fr\/wp-json\/wp\/v2\/product_brand?post=105"},{"taxonomy":"product_cat","embeddable":true,"href":"https:\/\/sindiobag.com\/fr\/wp-json\/wp\/v2\/product_cat?post=105"},{"taxonomy":"product_tag","embeddable":true,"href":"https:\/\/sindiobag.com\/fr\/wp-json\/wp\/v2\/product_tag?post=105"}],"curies":[{"name":"wp","href":"https:\/\/api.w.org\/{rel}","templated":true}]}}