{"id":56,"date":"2024-05-16T07:29:20","date_gmt":"2024-05-16T07:29:20","guid":{"rendered":"https:\/\/sindiobag.com\/cart\/"},"modified":"2024-05-19T06:17:30","modified_gmt":"2024-05-19T06:17:30","slug":"cart","status":"publish","type":"page","link":"https:\/\/sindiobag.com\/fr\/cart\/","title":{"rendered":"Panier"},"content":{"rendered":"<div data-block-name=\"woocommerce\/cart\" data-has-dark-controls=\"true\" class=\"wp-block-woocommerce-cart alignwide is-loading\">\n<div data-block-name=\"woocommerce\/filled-cart-block\" class=\"wp-block-woocommerce-filled-cart-block\">\n<div data-block-name=\"woocommerce\/cart-items-block\" class=\"wp-block-woocommerce-cart-items-block\">\n<div data-block-name=\"woocommerce\/cart-line-items-block\" class=\"wp-block-woocommerce-cart-line-items-block\"><\/div>\n\n\n\n<div data-block-name=\"woocommerce\/cart-cross-sells-block\" class=\"wp-block-woocommerce-cart-cross-sells-block\">\n<h2 class=\"wp-block-heading has-large-font-size\">You may be interested in\u2026<\/h2>\n\n\n\n<div data-block-name=\"woocommerce\/cart-cross-sells-products-block\" class=\"wp-block-woocommerce-cart-cross-sells-products-block\"><\/div>\n<\/div>\n<\/div>\n\n\n\n<div data-block-name=\"woocommerce\/cart-totals-block\" class=\"wp-block-woocommerce-cart-totals-block\">\n<div data-block-name=\"woocommerce\/cart-order-summary-block\" class=\"wp-block-woocommerce-cart-order-summary-block\">\n<div data-block-name=\"woocommerce\/cart-order-summary-heading-block\" class=\"wp-block-woocommerce-cart-order-summary-heading-block\"><\/div><div data-block-name=\"woocommerce\/cart-order-summary-coupon-form-block\" class=\"wp-block-woocommerce-cart-order-summary-coupon-form-block\"><\/div><div data-block-name=\"woocommerce\/cart-order-summary-totals-block\" class=\"wp-block-woocommerce-cart-order-summary-totals-block\">\n<div data-block-name=\"woocommerce\/cart-order-summary-subtotal-block\" class=\"wp-block-woocommerce-cart-order-summary-subtotal-block\"><\/div>\n<div data-block-name=\"woocommerce\/cart-order-summary-discount-block\" class=\"wp-block-woocommerce-cart-order-summary-discount-block\"><\/div>\n<div data-block-name=\"woocommerce\/cart-order-summary-fee-block\" class=\"wp-block-woocommerce-cart-order-summary-fee-block\"><\/div>\n<div data-block-name=\"woocommerce\/cart-order-summary-shipping-block\" class=\"wp-block-woocommerce-cart-order-summary-shipping-block\"><\/div>\n<div data-block-name=\"woocommerce\/cart-order-summary-taxes-block\" class=\"wp-block-woocommerce-cart-order-summary-taxes-block\"><\/div><\/div>\n<\/div>\n\n\n\n<div data-block-name=\"woocommerce\/cart-express-payment-block\" class=\"wp-block-woocommerce-cart-express-payment-block\"><\/div>\n\n\n\n<div data-block-name=\"woocommerce\/proceed-to-checkout-block\" class=\"wp-block-woocommerce-proceed-to-checkout-block\"><\/div>\n\n\n\n<div data-block-name=\"woocommerce\/cart-accepted-payment-methods-block\" class=\"wp-block-woocommerce-cart-accepted-payment-methods-block\"><\/div>\n<\/div>\n<\/div>\n\n\n\n<div data-block-name=\"woocommerce\/empty-cart-block\" class=\"wp-block-woocommerce-empty-cart-block\">\n<h2 class=\"wp-block-heading has-text-align-center with-empty-cart-icon wc-block-cart__empty-cart__title\">Your cart is currently empty!<\/h2>\n\n\n\n<p class=\"has-text-align-center\"><a href=\"https:\/\/sindiobag.com\/fr\/shop\/\">Browse store<\/a><\/p>\n\n\n\n<hr class=\"wp-block-separator has-alpha-channel-opacity is-style-dots\"\/>\n\n\n\n<h2 class=\"wp-block-heading has-text-align-center\">New in store<\/h2>\n\n\n<div data-block-name=\"woocommerce\/product-new\" data-columns=\"4\" data-rows=\"1\" class=\"wc-block-grid wp-block-product-new wp-block-woocommerce-product-new wc-block-product-new has-4-columns\"><ul class=\"wc-block-grid__products\"><li class=\"wc-block-grid__product add-to-wishlist-after_add_to_cart\"><a href=\"https:\/\/sindiobag.com\/fr\/produit\/crossbody-sling-backpack-sindio-premium-1-0\/\" class=\"wc-block-grid__product-link\">\n\t\t\t\t\t\n\t\t\t\t\t<div class=\"wc-block-grid__product-image\"><img fetchpriority=\"high\" decoding=\"async\" width=\"300\" height=\"300\" src=\"https:\/\/sindiobag.com\/wp-content\/smush-webp\/2024\/11\/0611_2_-removebg-preview-300x300.png.webp\" class=\"attachment-woocommerce_thumbnail size-woocommerce_thumbnail\" alt=\"Crossbody Sling Backpack Sindio Premium 1.0\" srcset=\"https:\/\/sindiobag.com\/wp-content\/smush-webp\/2024\/11\/0611_2_-removebg-preview-300x300.png.webp 300w, https:\/\/sindiobag.com\/wp-content\/smush-webp\/2024\/11\/0611_2_-removebg-preview-150x150.png.webp 150w, https:\/\/sindiobag.com\/wp-content\/smush-webp\/2024\/11\/0611_2_-removebg-preview-12x12.png.webp 12w, https:\/\/sindiobag.com\/wp-content\/smush-webp\/2024\/11\/0611_2_-removebg-preview-100x100.png.webp 100w, https:\/\/sindiobag.com\/wp-content\/smush-webp\/2024\/11\/0611_2_-removebg-preview-50x50.png.webp 50w, https:\/\/sindiobag.com\/wp-content\/smush-webp\/2024\/11\/0611_2_-removebg-preview-460x460.png.webp 460w, https:\/\/sindiobag.com\/wp-content\/uploads\/2024\/11\/0611_2_-removebg-preview.png 500w\" sizes=\"(max-width: 300px) 100vw, 300px\" data-smush-webp-fallback=\"{&quot;src&quot;:&quot;https:\\\/\\\/sindiobag.com\\\/wp-content\\\/uploads\\\/2024\\\/11\\\/0611_2_-removebg-preview-300x300.png&quot;,&quot;srcset&quot;:&quot;https:\\\/\\\/sindiobag.com\\\/wp-content\\\/uploads\\\/2024\\\/11\\\/0611_2_-removebg-preview-300x300.png 300w, https:\\\/\\\/sindiobag.com\\\/wp-content\\\/uploads\\\/2024\\\/11\\\/0611_2_-removebg-preview-150x150.png 150w, https:\\\/\\\/sindiobag.com\\\/wp-content\\\/uploads\\\/2024\\\/11\\\/0611_2_-removebg-preview-12x12.png 12w, https:\\\/\\\/sindiobag.com\\\/wp-content\\\/uploads\\\/2024\\\/11\\\/0611_2_-removebg-preview-100x100.png 100w, https:\\\/\\\/sindiobag.com\\\/wp-content\\\/uploads\\\/2024\\\/11\\\/0611_2_-removebg-preview-50x50.png 50w, https:\\\/\\\/sindiobag.com\\\/wp-content\\\/uploads\\\/2024\\\/11\\\/0611_2_-removebg-preview-460x460.png 460w, https:\\\/\\\/sindiobag.com\\\/wp-content\\\/uploads\\\/2024\\\/11\\\/0611_2_-removebg-preview.png 500w&quot;}\" \/><\/div>\n\t\t\t\t\t<div class=\"wc-block-grid__product-title\">Sac \u00e0 dos bandouli\u00e8re Sindio Premium 1.0<\/div>\n\t\t\t\t<\/a>\n\t\t\t\t<div class=\"wc-block-grid__product-price price\"><\/div>\n\t\t\t\t<div class=\"wc-block-grid__product-rating\"><div class=\"star-rating\" role=\"img\" aria-label=\"Note 4.60 sur 5\" data-no-translation-aria-label=\"\"><span style=\"width:92%\" data-no-translation=\"\" data-trp-gettext=\"\">Not\u00e9 <strong class=\"rating\">4.60<\/strong> sur 5 bas\u00e9 sur <span class=\"rating\">5<\/span> notations client<\/span><\/div><\/div>\n\t\t\t\t<div class=\"wp-block-button wc-block-grid__product-add-to-cart\"><a href=\"https:\/\/sindiobag.com\/fr\/produit\/crossbody-sling-backpack-sindio-premium-1-0\/\" aria-label=\"En savoir plus sur \u201cCrossbody Sling Backpack Sindio Premium 1.0\u201d\" data-quantity=\"1\" data-product_id=\"3356\" data-product_sku=\"\" data-price=\"0\" rel=\"nofollow\" class=\"wp-block-button__link  add_to_cart_button\" data-no-translation=\"\" data-trp-gettext=\"\" data-no-translation-aria-label=\"\">Lire la suite<\/a><\/div>\n\t\t\t\n<div\n\tclass=\"yith-wcwl-add-to-wishlist add-to-wishlist-3356 yith-wcwl-add-to-wishlist--link-style wishlist-fragment on-first-load\"\n\tdata-fragment-ref=\"3356\"\n\tdata-fragment-options=\"{&quot;base_url&quot;:&quot;&quot;,&quot;product_id&quot;:3356,&quot;parent_product_id&quot;:0,&quot;product_type&quot;:&quot;simple&quot;,&quot;is_single&quot;:false,&quot;in_default_wishlist&quot;:false,&quot;show_view&quot;:false,&quot;browse_wishlist_text&quot;:&quot;Browse wishlist&quot;,&quot;already_in_wishslist_text&quot;:&quot;The product is already in your wishlist!&quot;,&quot;product_added_text&quot;:&quot;Product added!&quot;,&quot;available_multi_wishlist&quot;:false,&quot;disable_wishlist&quot;:false,&quot;show_count&quot;:false,&quot;ajax_loading&quot;:false,&quot;loop_position&quot;:&quot;after_add_to_cart&quot;,&quot;item&quot;:&quot;add_to_wishlist&quot;}\"\n>\n\t<\/div>\n<\/li><li class=\"wc-block-grid__product add-to-wishlist-after_add_to_cart\"><a href=\"https:\/\/sindiobag.com\/fr\/produit\/padded-laptop-dedicated-storage-pocket\/\" class=\"wc-block-grid__product-link\">\n\t\t\t\t\t<div class=\"wc-block-grid__product-onsale\">\n\t\t\t<span aria-hidden=\"true\" data-no-translation=\"\" data-trp-gettext=\"\">Promo<\/span>\n\t\t\t<span class=\"screen-reader-text\" data-no-translation=\"\" data-trp-gettext=\"\">Produit en promotion<\/span>\n\t\t<\/div>\n\t\t\t\t\t<div class=\"wc-block-grid__product-image\"><img decoding=\"async\" width=\"300\" height=\"300\" data-src=\"https:\/\/sindiobag.com\/wp-content\/uploads\/2024\/05\/M1-4-1-scaled-removebg-preview-300x300.png\" class=\"attachment-woocommerce_thumbnail size-woocommerce_thumbnail lazyload\" alt=\"Dedicated Storage Pockets\" data-srcset=\"https:\/\/sindiobag.com\/wp-content\/uploads\/2024\/05\/M1-4-1-scaled-removebg-preview-300x300.png 300w, https:\/\/sindiobag.com\/wp-content\/uploads\/2024\/05\/M1-4-1-scaled-removebg-preview-150x150.png 150w, https:\/\/sindiobag.com\/wp-content\/uploads\/2024\/05\/M1-4-1-scaled-removebg-preview-100x100.png 100w, https:\/\/sindiobag.com\/wp-content\/uploads\/2024\/05\/M1-4-1-scaled-removebg-preview-50x50.png 50w, https:\/\/sindiobag.com\/wp-content\/uploads\/2024\/05\/M1-4-1-scaled-removebg-preview-460x460.png 460w\" data-sizes=\"(max-width: 300px) 100vw, 300px\" src=\"data:image\/gif;base64,R0lGODlhAQABAAAAACH5BAEKAAEALAAAAAABAAEAAAICTAEAOw==\" style=\"--smush-placeholder-width: 300px; --smush-placeholder-aspect-ratio: 300\/300;\" \/><noscript><img decoding=\"async\" width=\"300\" height=\"300\" src=\"https:\/\/sindiobag.com\/wp-content\/uploads\/2024\/05\/M1-4-1-scaled-removebg-preview-300x300.png\" class=\"attachment-woocommerce_thumbnail size-woocommerce_thumbnail\" alt=\"Dedicated Storage Pockets\" srcset=\"https:\/\/sindiobag.com\/wp-content\/uploads\/2024\/05\/M1-4-1-scaled-removebg-preview-300x300.png 300w, https:\/\/sindiobag.com\/wp-content\/uploads\/2024\/05\/M1-4-1-scaled-removebg-preview-150x150.png 150w, https:\/\/sindiobag.com\/wp-content\/uploads\/2024\/05\/M1-4-1-scaled-removebg-preview-100x100.png 100w, https:\/\/sindiobag.com\/wp-content\/uploads\/2024\/05\/M1-4-1-scaled-removebg-preview-50x50.png 50w, https:\/\/sindiobag.com\/wp-content\/uploads\/2024\/05\/M1-4-1-scaled-removebg-preview-460x460.png 460w\" sizes=\"(max-width: 300px) 100vw, 300px\" \/><\/noscript><\/div>\n\t\t\t\t\t<div class=\"wc-block-grid__product-title\">Poches de rangement d\u00e9di\u00e9es<\/div>\n\t\t\t\t<\/a>\n\t\t\t\t<div class=\"wc-block-grid__product-price price\"><del aria-hidden=\"true\"><span class=\"woocommerce-Price-amount amount\"><span class=\"woocommerce-Price-currencySymbol\">&euro;<\/span>199.00<\/span><\/del> <span class=\"screen-reader-text\" data-no-translation=\"\" data-trp-gettext=\"\">Original price was: &euro;199.00.<\/span><ins aria-hidden=\"true\"><span class=\"woocommerce-Price-amount amount\"><span class=\"woocommerce-Price-currencySymbol\">&euro;<\/span>139.00<\/span><\/ins><span class=\"screen-reader-text\" data-no-translation=\"\" data-trp-gettext=\"\">Current price is: &euro;139.00.<\/span><\/div>\n\t\t\t\t<div class=\"wc-block-grid__product-rating\"><div class=\"star-rating\" role=\"img\" aria-label=\"Note 4.00 sur 5\" data-no-translation-aria-label=\"\"><span style=\"width:80%\" data-no-translation=\"\" data-trp-gettext=\"\">Not\u00e9 <strong class=\"rating\">4.00<\/strong> sur 5 bas\u00e9 sur <span class=\"rating\">1<\/span> notation client<\/span><\/div><\/div>\n\t\t\t\t<div class=\"wp-block-button wc-block-grid__product-add-to-cart\"><a href=\"https:\/\/sindiobag.com\/fr\/produit\/padded-laptop-dedicated-storage-pocket\/\" aria-label=\"S\u00e9lectionner les options pour \u201cDedicated Storage Pockets\u201d\" data-quantity=\"1\" data-product_id=\"939\" data-product_sku=\"\" data-price=\"139\" rel=\"nofollow\" class=\"wp-block-button__link  add_to_cart_button\" data-no-translation=\"\" data-trp-gettext=\"\" data-no-translation-aria-label=\"\">Choix des options<\/a><\/div>\n\t\t\t\n<div\n\tclass=\"yith-wcwl-add-to-wishlist add-to-wishlist-939 yith-wcwl-add-to-wishlist--link-style wishlist-fragment on-first-load\"\n\tdata-fragment-ref=\"939\"\n\tdata-fragment-options=\"{&quot;base_url&quot;:&quot;&quot;,&quot;product_id&quot;:939,&quot;parent_product_id&quot;:0,&quot;product_type&quot;:&quot;variable&quot;,&quot;is_single&quot;:false,&quot;in_default_wishlist&quot;:false,&quot;show_view&quot;:false,&quot;browse_wishlist_text&quot;:&quot;Browse wishlist&quot;,&quot;already_in_wishslist_text&quot;:&quot;The product is already in your wishlist!&quot;,&quot;product_added_text&quot;:&quot;Product added!&quot;,&quot;available_multi_wishlist&quot;:false,&quot;disable_wishlist&quot;:false,&quot;show_count&quot;:false,&quot;ajax_loading&quot;:false,&quot;loop_position&quot;:&quot;after_add_to_cart&quot;,&quot;item&quot;:&quot;add_to_wishlist&quot;}\"\n>\n\t<\/div>\n<\/li><li class=\"wc-block-grid__product add-to-wishlist-after_add_to_cart\"><a href=\"https:\/\/sindiobag.com\/fr\/produit\/crossbody-sling-backpack\/\" class=\"wc-block-grid__product-link\">\n\t\t\t\t\t\n\t\t\t\t\t<div class=\"wc-block-grid__product-image\"><img decoding=\"async\" width=\"300\" height=\"300\" data-src=\"https:\/\/sindiobag.com\/wp-content\/smush-webp\/2024\/11\/0611-removebg-preview-300x300.png.webp\" class=\"attachment-woocommerce_thumbnail size-woocommerce_thumbnail lazyload\" alt=\"Crossbody Sling Backpack\" data-srcset=\"https:\/\/sindiobag.com\/wp-content\/smush-webp\/2024\/11\/0611-removebg-preview-300x300.png.webp 300w, https:\/\/sindiobag.com\/wp-content\/smush-webp\/2024\/11\/0611-removebg-preview-150x150.png.webp 150w, https:\/\/sindiobag.com\/wp-content\/smush-webp\/2024\/11\/0611-removebg-preview-12x12.png.webp 12w, https:\/\/sindiobag.com\/wp-content\/smush-webp\/2024\/11\/0611-removebg-preview-100x100.png.webp 100w, https:\/\/sindiobag.com\/wp-content\/smush-webp\/2024\/11\/0611-removebg-preview-50x50.png.webp 50w, https:\/\/sindiobag.com\/wp-content\/smush-webp\/2024\/11\/0611-removebg-preview-460x460.png.webp 460w, https:\/\/sindiobag.com\/wp-content\/uploads\/2024\/11\/0611-removebg-preview.png 500w\" data-sizes=\"(max-width: 300px) 100vw, 300px\" src=\"data:image\/gif;base64,R0lGODlhAQABAAAAACH5BAEKAAEALAAAAAABAAEAAAICTAEAOw==\" style=\"--smush-placeholder-width: 300px; --smush-placeholder-aspect-ratio: 300\/300;\" data-smush-webp-fallback=\"{&quot;data-src&quot;:&quot;https:\\\/\\\/sindiobag.com\\\/wp-content\\\/uploads\\\/2024\\\/11\\\/0611-removebg-preview-300x300.png&quot;,&quot;data-srcset&quot;:&quot;https:\\\/\\\/sindiobag.com\\\/wp-content\\\/uploads\\\/2024\\\/11\\\/0611-removebg-preview-300x300.png 300w, https:\\\/\\\/sindiobag.com\\\/wp-content\\\/uploads\\\/2024\\\/11\\\/0611-removebg-preview-150x150.png 150w, https:\\\/\\\/sindiobag.com\\\/wp-content\\\/uploads\\\/2024\\\/11\\\/0611-removebg-preview-12x12.png 12w, https:\\\/\\\/sindiobag.com\\\/wp-content\\\/uploads\\\/2024\\\/11\\\/0611-removebg-preview-100x100.png 100w, https:\\\/\\\/sindiobag.com\\\/wp-content\\\/uploads\\\/2024\\\/11\\\/0611-removebg-preview-50x50.png 50w, https:\\\/\\\/sindiobag.com\\\/wp-content\\\/uploads\\\/2024\\\/11\\\/0611-removebg-preview-460x460.png 460w, https:\\\/\\\/sindiobag.com\\\/wp-content\\\/uploads\\\/2024\\\/11\\\/0611-removebg-preview.png 500w&quot;}\" \/><noscript><img decoding=\"async\" width=\"300\" height=\"300\" src=\"https:\/\/sindiobag.com\/wp-content\/uploads\/2024\/11\/0611-removebg-preview-300x300.png\" class=\"attachment-woocommerce_thumbnail size-woocommerce_thumbnail\" alt=\"Crossbody Sling Backpack\" srcset=\"https:\/\/sindiobag.com\/wp-content\/uploads\/2024\/11\/0611-removebg-preview-300x300.png 300w, https:\/\/sindiobag.com\/wp-content\/uploads\/2024\/11\/0611-removebg-preview-150x150.png 150w, https:\/\/sindiobag.com\/wp-content\/uploads\/2024\/11\/0611-removebg-preview-12x12.png 12w, https:\/\/sindiobag.com\/wp-content\/uploads\/2024\/11\/0611-removebg-preview-100x100.png 100w, https:\/\/sindiobag.com\/wp-content\/uploads\/2024\/11\/0611-removebg-preview-50x50.png 50w, https:\/\/sindiobag.com\/wp-content\/uploads\/2024\/11\/0611-removebg-preview-460x460.png 460w, https:\/\/sindiobag.com\/wp-content\/uploads\/2024\/11\/0611-removebg-preview.png 500w\" sizes=\"(max-width: 300px) 100vw, 300px\" \/><\/noscript><\/div>\n\t\t\t\t\t<div class=\"wc-block-grid__product-title\">Sac \u00e0 dos \u00e0 bandouli\u00e8re<\/div>\n\t\t\t\t<\/a>\n\t\t\t\t<div class=\"wc-block-grid__product-price price\"><\/div>\n\t\t\t\t<div class=\"wc-block-grid__product-rating\"><div class=\"star-rating\" role=\"img\" aria-label=\"Note 5.00 sur 5\" data-no-translation-aria-label=\"\"><span style=\"width:100%\" data-no-translation=\"\" data-trp-gettext=\"\">Not\u00e9 <strong class=\"rating\">5.00<\/strong> sur 5 bas\u00e9 sur <span class=\"rating\">1<\/span> notation client<\/span><\/div><\/div>\n\t\t\t\t<div class=\"wp-block-button wc-block-grid__product-add-to-cart\"><a href=\"https:\/\/sindiobag.com\/fr\/produit\/crossbody-sling-backpack\/\" aria-label=\"En savoir plus sur \u201cCrossbody Sling Backpack\u201d\" data-quantity=\"1\" data-product_id=\"3290\" data-product_sku=\"\" data-price=\"0\" rel=\"nofollow\" class=\"wp-block-button__link  add_to_cart_button\" data-no-translation=\"\" data-trp-gettext=\"\" data-no-translation-aria-label=\"\">Lire la suite<\/a><\/div>\n\t\t\t\n<div\n\tclass=\"yith-wcwl-add-to-wishlist add-to-wishlist-3290 yith-wcwl-add-to-wishlist--link-style wishlist-fragment on-first-load\"\n\tdata-fragment-ref=\"3290\"\n\tdata-fragment-options=\"{&quot;base_url&quot;:&quot;&quot;,&quot;product_id&quot;:3290,&quot;parent_product_id&quot;:0,&quot;product_type&quot;:&quot;simple&quot;,&quot;is_single&quot;:false,&quot;in_default_wishlist&quot;:false,&quot;show_view&quot;:false,&quot;browse_wishlist_text&quot;:&quot;Browse wishlist&quot;,&quot;already_in_wishslist_text&quot;:&quot;The product is already in your wishlist!&quot;,&quot;product_added_text&quot;:&quot;Product added!&quot;,&quot;available_multi_wishlist&quot;:false,&quot;disable_wishlist&quot;:false,&quot;show_count&quot;:false,&quot;ajax_loading&quot;:false,&quot;loop_position&quot;:&quot;after_add_to_cart&quot;,&quot;item&quot;:&quot;add_to_wishlist&quot;}\"\n>\n\t<\/div>\n<\/li><li class=\"wc-block-grid__product add-to-wishlist-after_add_to_cart\"><a href=\"https:\/\/sindiobag.com\/fr\/produit\/backpack-sindio-mammoth-lifestyle-1-0\/\" class=\"wc-block-grid__product-link\">\n\t\t\t\t\t<div class=\"wc-block-grid__product-onsale\">\n\t\t\t<span aria-hidden=\"true\" data-no-translation=\"\" data-trp-gettext=\"\">Promo<\/span>\n\t\t\t<span class=\"screen-reader-text\" data-no-translation=\"\" data-trp-gettext=\"\">Produit en promotion<\/span>\n\t\t<\/div>\n\t\t\t\t\t<div class=\"wc-block-grid__product-image\"><img decoding=\"async\" width=\"300\" height=\"300\" data-src=\"https:\/\/sindiobag.com\/wp-content\/uploads\/2024\/05\/hvsh-300x300.png\" class=\"attachment-woocommerce_thumbnail size-woocommerce_thumbnail lazyload\" alt=\"Backpack Sindio Mammoth Lifestyle 1.0\" data-srcset=\"https:\/\/sindiobag.com\/wp-content\/uploads\/2024\/05\/hvsh-300x300.png 300w, https:\/\/sindiobag.com\/wp-content\/uploads\/2024\/05\/hvsh-150x150.png 150w, https:\/\/sindiobag.com\/wp-content\/uploads\/2024\/05\/hvsh-100x100.png 100w, https:\/\/sindiobag.com\/wp-content\/uploads\/2024\/05\/hvsh-50x50.png 50w\" data-sizes=\"(max-width: 300px) 100vw, 300px\" src=\"data:image\/gif;base64,R0lGODlhAQABAAAAACH5BAEKAAEALAAAAAABAAEAAAICTAEAOw==\" style=\"--smush-placeholder-width: 300px; --smush-placeholder-aspect-ratio: 300\/300;\" \/><noscript><img loading=\"lazy\" decoding=\"async\" width=\"300\" height=\"300\" src=\"https:\/\/sindiobag.com\/wp-content\/uploads\/2024\/05\/hvsh-300x300.png\" class=\"attachment-woocommerce_thumbnail size-woocommerce_thumbnail\" alt=\"Backpack Sindio Mammoth Lifestyle 1.0\" srcset=\"https:\/\/sindiobag.com\/wp-content\/uploads\/2024\/05\/hvsh-300x300.png 300w, https:\/\/sindiobag.com\/wp-content\/uploads\/2024\/05\/hvsh-150x150.png 150w, https:\/\/sindiobag.com\/wp-content\/uploads\/2024\/05\/hvsh-100x100.png 100w, https:\/\/sindiobag.com\/wp-content\/uploads\/2024\/05\/hvsh-50x50.png 50w\" sizes=\"(max-width: 300px) 100vw, 300px\" \/><\/noscript><\/div>\n\t\t\t\t\t<div class=\"wc-block-grid__product-title\">Sac \u00e0 dos Sindio Mammouth Lifestyle 1.0<\/div>\n\t\t\t\t<\/a>\n\t\t\t\t<div class=\"wc-block-grid__product-price price\"><del aria-hidden=\"true\"><span class=\"woocommerce-Price-amount amount\"><span class=\"woocommerce-Price-currencySymbol\">&euro;<\/span>199.00<\/span><\/del> <span class=\"screen-reader-text\" data-no-translation=\"\" data-trp-gettext=\"\">Original price was: &euro;199.00.<\/span><ins aria-hidden=\"true\"><span class=\"woocommerce-Price-amount amount\"><span class=\"woocommerce-Price-currencySymbol\">&euro;<\/span>139.00<\/span><\/ins><span class=\"screen-reader-text\" data-no-translation=\"\" data-trp-gettext=\"\">Current price is: &euro;139.00.<\/span><\/div>\n\t\t\t\t<div class=\"wc-block-grid__product-rating\"><div class=\"star-rating\" role=\"img\" aria-label=\"Note 5.00 sur 5\" data-no-translation-aria-label=\"\"><span style=\"width:100%\" data-no-translation=\"\" data-trp-gettext=\"\">Not\u00e9 <strong class=\"rating\">5.00<\/strong> sur 5 bas\u00e9 sur <span class=\"rating\">1<\/span> notation client<\/span><\/div><\/div>\n\t\t\t\t<div class=\"wp-block-button wc-block-grid__product-add-to-cart\"><a href=\"https:\/\/sindiobag.com\/fr\/produit\/backpack-sindio-mammoth-lifestyle-1-0\/\" aria-label=\"S\u00e9lectionner les options pour \u201cBackpack Sindio Mammoth Lifestyle 1.0\u201d\" data-quantity=\"1\" data-product_id=\"928\" data-product_sku=\"\" data-price=\"139\" rel=\"nofollow\" class=\"wp-block-button__link  add_to_cart_button\" data-no-translation=\"\" data-trp-gettext=\"\" data-no-translation-aria-label=\"\">Choix des options<\/a><\/div>\n\t\t\t\n<div\n\tclass=\"yith-wcwl-add-to-wishlist add-to-wishlist-928 yith-wcwl-add-to-wishlist--link-style wishlist-fragment on-first-load\"\n\tdata-fragment-ref=\"928\"\n\tdata-fragment-options=\"{&quot;base_url&quot;:&quot;&quot;,&quot;product_id&quot;:928,&quot;parent_product_id&quot;:0,&quot;product_type&quot;:&quot;variable&quot;,&quot;is_single&quot;:false,&quot;in_default_wishlist&quot;:false,&quot;show_view&quot;:false,&quot;browse_wishlist_text&quot;:&quot;Browse wishlist&quot;,&quot;already_in_wishslist_text&quot;:&quot;The product is already in your wishlist!&quot;,&quot;product_added_text&quot;:&quot;Product added!&quot;,&quot;available_multi_wishlist&quot;:false,&quot;disable_wishlist&quot;:false,&quot;show_count&quot;:false,&quot;ajax_loading&quot;:false,&quot;loop_position&quot;:&quot;after_add_to_cart&quot;,&quot;item&quot;:&quot;add_to_wishlist&quot;}\"\n>\n\t<\/div>\n<\/li><\/ul><\/div><\/div>\n<\/div>","protected":false},"excerpt":{"rendered":"","protected":false},"author":1,"featured_media":0,"parent":0,"menu_order":0,"comment_status":"closed","ping_status":"open","template":"","meta":{"_acf_changed":false,"footnotes":""},"class_list":["post-56","page","type-page","status-publish","hentry"],"acf":[],"_links":{"self":[{"href":"https:\/\/sindiobag.com\/fr\/wp-json\/wp\/v2\/pages\/56","targetHints":{"allow":["GET"]}}],"collection":[{"href":"https:\/\/sindiobag.com\/fr\/wp-json\/wp\/v2\/pages"}],"about":[{"href":"https:\/\/sindiobag.com\/fr\/wp-json\/wp\/v2\/types\/page"}],"author":[{"embeddable":true,"href":"https:\/\/sindiobag.com\/fr\/wp-json\/wp\/v2\/users\/1"}],"replies":[{"embeddable":true,"href":"https:\/\/sindiobag.com\/fr\/wp-json\/wp\/v2\/comments?post=56"}],"version-history":[{"count":0,"href":"https:\/\/sindiobag.com\/fr\/wp-json\/wp\/v2\/pages\/56\/revisions"}],"wp:attachment":[{"href":"https:\/\/sindiobag.com\/fr\/wp-json\/wp\/v2\/media?parent=56"}],"curies":[{"name":"wp","href":"https:\/\/api.w.org\/{rel}","templated":true}]}}