{"id":3,"date":"2024-05-14T10:53:26","date_gmt":"2024-05-14T10:53:26","guid":{"rendered":"https:\/\/sindiobag.com\/?page_id=3"},"modified":"2024-06-07T07:53:44","modified_gmt":"2024-06-07T07:53:44","slug":"privacy-policy","status":"publish","type":"page","link":"https:\/\/sindiobag.com\/fr\/privacy-policy\/","title":{"rendered":"Politique de confidentialit\u00e9"},"content":{"rendered":"<div data-elementor-type=\"wp-page\" data-elementor-id=\"3\" class=\"elementor elementor-3\" data-elementor-post-type=\"page\">\n\t\t\t\t<div class=\"elementor-element elementor-element-875390a e-flex e-con-boxed e-con e-parent\" data-id=\"875390a\" data-element_type=\"container\" data-e-type=\"container\" data-settings=\"{&quot;background_background&quot;:&quot;classic&quot;}\">\n\t\t\t\t\t<div class=\"e-con-inner\">\n\t\t\t\t<div class=\"elementor-element elementor-element-ce03fdb elementor-widget elementor-widget-heading\" data-id=\"ce03fdb\" data-element_type=\"widget\" data-e-type=\"widget\" data-widget_type=\"heading.default\">\n\t\t\t\t<div class=\"elementor-widget-container\">\n\t\t\t\t\t<h1 class=\"elementor-heading-title elementor-size-default\">Politique de confidentialit\u00e9<\/h1>\t\t\t\t<\/div>\n\t\t\t\t<\/div>\n\t\t\t\t\t<\/div>\n\t\t\t\t<\/div>\n\t\t<div class=\"elementor-element elementor-element-9ee485a e-flex e-con-boxed e-con e-parent\" data-id=\"9ee485a\" data-element_type=\"container\" data-e-type=\"container\">\n\t\t\t\t\t<div class=\"e-con-inner\">\n\t\t\t\t<div class=\"elementor-element elementor-element-c7ed861 elementor-widget elementor-widget-heading\" data-id=\"c7ed861\" data-element_type=\"widget\" data-e-type=\"widget\" data-widget_type=\"heading.default\">\n\t\t\t\t<div class=\"elementor-widget-container\">\n\t\t\t\t\t<h1 class=\"elementor-heading-title elementor-size-default\">Politique de confidentialit\u00e9 et de respect de la vie priv\u00e9e\n<\/h1>\t\t\t\t<\/div>\n\t\t\t\t<\/div>\n\t\t\t\t<div class=\"elementor-element elementor-element-61614d3 elementor-widget elementor-widget-text-editor\" data-id=\"61614d3\" data-element_type=\"widget\" data-e-type=\"widget\" data-widget_type=\"text-editor.default\">\n\t\t\t\t<div class=\"elementor-widget-container\">\n\t\t\t\t\t\t\t\t\t<p>Nous accordons une grande importance \u00e0 la protection de votre vie priv\u00e9e.<\/p>\n<p>Par cons\u00e9quent, nous traiterons les donn\u00e9es personnelles que nous obtenons de vous en tant que client ou visiteur de l'un de nos sites Web conform\u00e9ment aux r\u00e9glementations applicables en mati\u00e8re de protection des donn\u00e9es, en particulier le R\u00e8glement g\u00e9n\u00e9ral sur la protection des donn\u00e9es. protection des donn\u00e9es 2016\/679 du 27 avril 2016 (d\u00e9nomm\u00e9 \" GDPR \" ou \" RGPD \").<\/p>\n<p>Ce r\u00e8glement europ\u00e9en encadre plus strictement le traitement des donn\u00e9es personnelles, cette page r\u00e9sume de mani\u00e8re succincte les types de traitement appliqu\u00e9s aux donn\u00e9es que vous nous confiez, pour plus d'informations, un e-mail est disponible : info@sindio.com<\/p>\t\t\t\t\t\t\t\t<\/div>\n\t\t\t\t<\/div>\n\t\t\t\t<div class=\"elementor-element elementor-element-9066201 elementor-widget elementor-widget-heading\" data-id=\"9066201\" data-element_type=\"widget\" data-e-type=\"widget\" data-widget_type=\"heading.default\">\n\t\t\t\t<div class=\"elementor-widget-container\">\n\t\t\t\t\t<h2 class=\"elementor-heading-title elementor-size-default\">Principe de base\n<\/h2>\t\t\t\t<\/div>\n\t\t\t\t<\/div>\n\t\t\t\t<div class=\"elementor-element elementor-element-1f0d8ea elementor-widget elementor-widget-text-editor\" data-id=\"1f0d8ea\" data-element_type=\"widget\" data-e-type=\"widget\" data-widget_type=\"text-editor.default\">\n\t\t\t\t<div class=\"elementor-widget-container\">\n\t\t\t\t\t\t\t\t\t<p>Sindiobag stocke et confie ses donn\u00e9es uniquement en Europe ou \u00e0 des fournisseurs hors Europe \" conformes au GDPR \" et de mani\u00e8re crypt\u00e9e en ce qui concerne les donn\u00e9es personnelles, pour des raisons de s\u00e9curit\u00e9, des sauvegardes crypt\u00e9es utilisant des algorithmes AES 2048 bits, 128 boucles peuvent \u00eatre stock\u00e9es en dehors de l'Europe. Sindiobag met \u00e0 disposition des autorit\u00e9s de contr\u00f4le, conform\u00e9ment au GDPR :<\/p>\t\t\t\t\t\t\t\t<\/div>\n\t\t\t\t<\/div>\n\t\t\t\t<div class=\"elementor-element elementor-element-3ce50b5 elementor-widget elementor-widget-text-editor\" data-id=\"3ce50b5\" data-element_type=\"widget\" data-e-type=\"widget\" data-widget_type=\"text-editor.default\">\n\t\t\t\t<div class=\"elementor-widget-container\">\n\t\t\t\t\t\t\t\t\t<ul>\n<li>The processing register.<\/li>\n<li>Data protection impact assessments.<\/li>\n<li>The framework for data transfers outside the European Union.<\/li>\n<li>The information notices, the models for obtaining the consent of the persons concerned and the procedures put in place for the exercise of rights.<\/li>\n<li>Contracts with subcontractors, winners of public contracts.<\/li>\n<li>Internal procedures in the event of data breaches.<\/li>\n<li>Proof that the data subjects have given their consent when the processing of their data is based on this basis.<\/li>\n<\/ul>\t\t\t\t\t\t\t\t<\/div>\n\t\t\t\t<\/div>\n\t\t\t\t<div class=\"elementor-element elementor-element-b4e5b04 elementor-widget elementor-widget-heading\" data-id=\"b4e5b04\" data-element_type=\"widget\" data-e-type=\"widget\" data-widget_type=\"heading.default\">\n\t\t\t\t<div class=\"elementor-widget-container\">\n\t\t\t\t\t<h2 class=\"elementor-heading-title elementor-size-default\">Donn\u00e9es statistiques sur les visiteurs des sites de l'entreprise<\/h2>\t\t\t\t<\/div>\n\t\t\t\t<\/div>\n\t\t\t\t<div class=\"elementor-element elementor-element-fe87ab1 elementor-widget elementor-widget-text-editor\" data-id=\"fe87ab1\" data-element_type=\"widget\" data-e-type=\"widget\" data-widget_type=\"text-editor.default\">\n\t\t\t\t<div class=\"elementor-widget-container\">\n\t\t\t\t\t\t\t\t\t<p>Les donn\u00e9es statistiques brutes des visiteurs, collect\u00e9es par des syst\u00e8mes tiers permettant, entre autres, d'identifier les visiteurs par leur adresse IP, sont agr\u00e9g\u00e9es d\u00e8s que cela est r\u00e9aliste afin de ne conserver que des tendances et ne seront jamais destin\u00e9es \u00e0 suivre les habitudes d'un utilisateur particulier, ce qui serait contraire \u00e0 la politique de Sindiobag.<\/p>\t\t\t\t\t\t\t\t<\/div>\n\t\t\t\t<\/div>\n\t\t\t\t<div class=\"elementor-element elementor-element-f2a721f elementor-widget elementor-widget-heading\" data-id=\"f2a721f\" data-element_type=\"widget\" data-e-type=\"widget\" data-widget_type=\"heading.default\">\n\t\t\t\t<div class=\"elementor-widget-container\">\n\t\t\t\t\t<h3 class=\"elementor-heading-title elementor-size-default\">La dur\u00e9e de la conversation<\/h3>\t\t\t\t<\/div>\n\t\t\t\t<\/div>\n\t\t\t\t<div class=\"elementor-element elementor-element-7bfcfd0 elementor-widget elementor-widget-text-editor\" data-id=\"7bfcfd0\" data-element_type=\"widget\" data-e-type=\"widget\" data-widget_type=\"text-editor.default\">\n\t\t\t\t<div class=\"elementor-widget-container\">\n\t\t\t\t\t\t\t\t\tLes donn\u00e9es ne sont conserv\u00e9es que pour la dur\u00e9e n\u00e9cessaire \u00e0 leur traitement et pour la finalit\u00e9 confi\u00e9e par l'utilisateur (exemple : une candidature sera conserv\u00e9e pour \u00eatre reprise lors d'une nouvelle s\u00e9lection sauf demande contraire du candidat ou sera conserv\u00e9e pour la dur\u00e9e impos\u00e9e par le bureau de contr\u00f4le du ch\u00f4mage afin de pouvoir r\u00e9pondre aux exigences l\u00e9gales en la mati\u00e8re).\t\t\t\t\t\t\t\t<\/div>\n\t\t\t\t<\/div>\n\t\t\t\t<div class=\"elementor-element elementor-element-741cd44 elementor-widget elementor-widget-heading\" data-id=\"741cd44\" data-element_type=\"widget\" data-e-type=\"widget\" data-widget_type=\"heading.default\">\n\t\t\t\t<div class=\"elementor-widget-container\">\n\t\t\t\t\t<h3 class=\"elementor-heading-title elementor-size-default\">Donn\u00e9es trait\u00e9es pour le compte de nos partenaires et membres<\/h3>\t\t\t\t<\/div>\n\t\t\t\t<\/div>\n\t\t\t\t<div class=\"elementor-element elementor-element-0f0ae9d elementor-widget elementor-widget-text-editor\" data-id=\"0f0ae9d\" data-element_type=\"widget\" data-e-type=\"widget\" data-widget_type=\"text-editor.default\">\n\t\t\t\t<div class=\"elementor-widget-container\">\n\t\t\t\t\t\t\t\t\tLes donn\u00e9es trait\u00e9es pour le compte de nos partenaires font l'objet d'un traitement sp\u00e9cifique par leurs parties respectives, Sindiobag veillant au maintien des bonnes pratiques.\t\t\t\t\t\t\t\t<\/div>\n\t\t\t\t<\/div>\n\t\t\t\t<div class=\"elementor-element elementor-element-6c9b6e8 elementor-widget elementor-widget-heading\" data-id=\"6c9b6e8\" data-element_type=\"widget\" data-e-type=\"widget\" data-widget_type=\"heading.default\">\n\t\t\t\t<div class=\"elementor-widget-container\">\n\t\t\t\t\t<h3 class=\"elementor-heading-title elementor-size-default\">Photo<\/h3>\t\t\t\t<\/div>\n\t\t\t\t<\/div>\n\t\t\t\t<div class=\"elementor-element elementor-element-3e43311 elementor-widget elementor-widget-text-editor\" data-id=\"3e43311\" data-element_type=\"widget\" data-e-type=\"widget\" data-widget_type=\"text-editor.default\">\n\t\t\t\t<div class=\"elementor-widget-container\">\n\t\t\t\t\t\t\t\t\t<p>Le droit \u00e0 l'image d\u00e9coule de la l\u00e9gislation sur la protection de la vie priv\u00e9e et de l'article 10 de la loi du 30 juin 1994 (LDA) relative au droit d'auteur et aux droits voisins. Selon cette l\u00e9gislation, l'autorisation d'une personne doit \u00eatre demand\u00e9e pour fixer, exposer ou reproduire son image.<\/p>\n<p>\u00a0<\/p>\n<p>En ce qui concerne les mineurs, l'autorisation des parents ou du tuteur l\u00e9gal est n\u00e9cessaire et, \u00e0 partir du moment o\u00f9 la personne repr\u00e9sent\u00e9e a atteint l'\u00e2ge de raison, le mineur doit donner ce consentement avec ses parents ou son tuteur. l\u00e9gal.<\/p>\t\t\t\t\t\t\t\t<\/div>\n\t\t\t\t<\/div>\n\t\t\t\t<div class=\"elementor-element elementor-element-5055507 elementor-widget elementor-widget-heading\" data-id=\"5055507\" data-element_type=\"widget\" data-e-type=\"widget\" data-widget_type=\"heading.default\">\n\t\t\t\t<div class=\"elementor-widget-container\">\n\t\t\t\t\t<h4 class=\"elementor-heading-title elementor-size-default\">Droit \u00e0 l'oubli et \u00e0 la consultation\n<\/h4>\t\t\t\t<\/div>\n\t\t\t\t<\/div>\n\t\t\t\t<div class=\"elementor-element elementor-element-e2e423c elementor-widget elementor-widget-text-editor\" data-id=\"e2e423c\" data-element_type=\"widget\" data-e-type=\"widget\" data-widget_type=\"text-editor.default\">\n\t\t\t\t<div class=\"elementor-widget-container\">\n\t\t\t\t\t\t\t\t\t<p>Toute personne physique qui souhaite obtenir une copie des donn\u00e9es la concernant peut en faire la demande en envoyant une lettre recommand\u00e9e au si\u00e8ge de la soci\u00e9t\u00e9, en y joignant une preuve d'identit\u00e9.<\/p>\n<p>\u00a0<\/p>\n<p>Il en va de m\u00eame pour toute demande de suppression, \u00e9tant entendu que Sindiobag peut, en cas de demande de suppression, agr\u00e9ger les donn\u00e9es de cette personne priv\u00e9e en les anonymisant, entre autres si une obligation l\u00e9gale l'y contraint.<\/p>\n<p>\u00a0<\/p>\n<p>Cette politique \u00e9voluera en fonction des d\u00e9veloppements de la jurisprudence et des instructions des autorit\u00e9s de contr\u00f4le de la protection de la vie priv\u00e9e. Consultez r\u00e9guli\u00e8rement cette page.<\/p>\t\t\t\t\t\t\t\t<\/div>\n\t\t\t\t<\/div>\n\t\t\t\t<div class=\"elementor-element elementor-element-180721b elementor-widget elementor-widget-heading\" data-id=\"180721b\" data-element_type=\"widget\" data-e-type=\"widget\" data-widget_type=\"heading.default\">\n\t\t\t\t<div class=\"elementor-widget-container\">\n\t\t\t\t\t<h4 class=\"elementor-heading-title elementor-size-default\">Droit \u00e0 l'oubli et \u00e0 la consultation\n<\/h4>\t\t\t\t<\/div>\n\t\t\t\t<\/div>\n\t\t\t\t<div class=\"elementor-element elementor-element-c1350b1 elementor-widget elementor-widget-text-editor\" data-id=\"c1350b1\" data-element_type=\"widget\" data-e-type=\"widget\" data-widget_type=\"text-editor.default\">\n\t\t\t\t<div class=\"elementor-widget-container\">\n\t\t\t\t\t\t\t\t\t<p>Cette page fait partie de notre politique de confidentialit\u00e9 et d\u00e9crit l'utilisation des cookies sur notre site web. La plupart des sites web que vous visitez utilisent des cookies pour am\u00e9liorer votre exp\u00e9rience d'utilisateur en permettant \u00e0 ce site web de se \"souvenir\" de vous, soit pour la dur\u00e9e de votre visite (\"session\"), soit pour vos visites r\u00e9p\u00e9t\u00e9es (\"cookie persistant\").<\/p>\n<p>Cette politique explique notre m\u00e9thode d'utilisation. Certains sites web utiliseront \u00e9galement des cookies pour leur permettre de cibler leurs messages publicitaires ou marketing en fonction, par exemple, de votre lieu de r\u00e9sidence et\/ou de vos habitudes de navigation.<\/p>\t\t\t\t\t\t\t\t<\/div>\n\t\t\t\t<\/div>\n\t\t\t\t<div class=\"elementor-element elementor-element-7ac50e5 elementor-widget elementor-widget-heading\" data-id=\"7ac50e5\" data-element_type=\"widget\" data-e-type=\"widget\" data-widget_type=\"heading.default\">\n\t\t\t\t<div class=\"elementor-widget-container\">\n\t\t\t\t\t<h4 class=\"elementor-heading-title elementor-size-default\">Qu'est-ce qu'un cookie ?<\/h4>\t\t\t\t<\/div>\n\t\t\t\t<\/div>\n\t\t\t\t<div class=\"elementor-element elementor-element-e677350 elementor-widget elementor-widget-text-editor\" data-id=\"e677350\" data-element_type=\"widget\" data-e-type=\"widget\" data-widget_type=\"text-editor.default\">\n\t\t\t\t<div class=\"elementor-widget-container\">\n\t\t\t\t\t\t\t\t\t<p>Les cookies sont de petits fichiers de donn\u00e9es (g\u00e9n\u00e9ralement des chiffres et des lettres) qu'un site web place sur votre ordinateur ou votre appareil mobile lors de votre premi\u00e8re visite. Le cookie permet \u00e0 ce site web, ou \u00e0 un autre site, de reconna\u00eetre votre appareil lors de votre prochaine visite. Les pixels invisibles ou d'autres fichiers similaires peuvent \u00e9galement faire la m\u00eame chose. Dans la pr\u00e9sente politique, nous utilisons le terme \"cookies\" pour d\u00e9signer tous les fichiers qui collectent des informations de cette mani\u00e8re.<\/p>\n<p>Les cookies ont de nombreuses fonctions, notamment celle de vous permettre de naviguer plus efficacement, de m\u00e9moriser vos pr\u00e9f\u00e9rences et d'am\u00e9liorer votre exp\u00e9rience globale d'un site web. Gr\u00e2ce aux cookies, l'interaction entre le site web et vous est plus rapide et plus facile. Si un site web n'utilise pas de cookies, il pensera que vous \u00eates un nouveau visiteur chaque fois que vous vous rendez sur une nouvelle page du site - par exemple, lorsque vous entrez votre nom d'utilisateur et votre mot de passe et que vous vous rendez sur une autre page, il ne vous reconna\u00eetra pas et vous ne pourrez pas rester connect\u00e9.<br \/>Certains cookies contiennent des informations personnelles - par exemple, si vous cliquez sur \"se souvenir de moi\" lors de la connexion, un cookie stockera votre nom d'utilisateur. La plupart des cookies ne collectent pas d'informations permettant de vous identifier, mais plut\u00f4t des informations plus g\u00e9n\u00e9rales : comment un utilisateur arrive sur un site web, comment il l'utilise, ou m\u00eame o\u00f9 il vit.<\/p>\t\t\t\t\t\t\t\t<\/div>\n\t\t\t\t<\/div>\n\t\t\t\t<div class=\"elementor-element elementor-element-32d52eb elementor-widget elementor-widget-heading\" data-id=\"32d52eb\" data-element_type=\"widget\" data-e-type=\"widget\" data-widget_type=\"heading.default\">\n\t\t\t\t<div class=\"elementor-widget-container\">\n\t\t\t\t\t<h4 class=\"elementor-heading-title elementor-size-default\">Mise \u00e0 jour<\/h4>\t\t\t\t<\/div>\n\t\t\t\t<\/div>\n\t\t\t\t<div class=\"elementor-element elementor-element-2cace29 elementor-widget elementor-widget-text-editor\" data-id=\"2cace29\" data-element_type=\"widget\" data-e-type=\"widget\" data-widget_type=\"text-editor.default\">\n\t\t\t\t<div class=\"elementor-widget-container\">\n\t\t\t\t\t\t\t\t\tLa pr\u00e9sente politique de confidentialit\u00e9 peut \u00eatre modifi\u00e9e de temps \u00e0 autre, dans les limites des r\u00e9glementations applicables en mati\u00e8re de protection des donn\u00e9es. Vous aurez toujours acc\u00e8s \u00e0 la version la plus r\u00e9cente gr\u00e2ce au code QR et aux copies physiques dans les documents et sur nos sites web.\t\t\t\t\t\t\t\t<\/div>\n\t\t\t\t<\/div>\n\t\t\t\t\t<\/div>\n\t\t\t\t<\/div>\n\t\t\t\t<\/div>","protected":false},"excerpt":{"rendered":"<p>Privacy Policy Confidentiality and privacy policy Your privacy is important to us. Therefore, we will process the personal data we obtain from you as a customer or visitor to one of our websites in accordance with applicable data protection regulations, in particular the General Data Protection Regulation. data protection 2016\/679 of April 27, 2016 (referred [&hellip;]<\/p>\n","protected":false},"author":1,"featured_media":0,"parent":0,"menu_order":0,"comment_status":"closed","ping_status":"open","template":"elementor_header_footer","meta":{"_acf_changed":false,"footnotes":""},"class_list":["post-3","page","type-page","status-publish","hentry"],"acf":[],"_links":{"self":[{"href":"https:\/\/sindiobag.com\/fr\/wp-json\/wp\/v2\/pages\/3","targetHints":{"allow":["GET"]}}],"collection":[{"href":"https:\/\/sindiobag.com\/fr\/wp-json\/wp\/v2\/pages"}],"about":[{"href":"https:\/\/sindiobag.com\/fr\/wp-json\/wp\/v2\/types\/page"}],"author":[{"embeddable":true,"href":"https:\/\/sindiobag.com\/fr\/wp-json\/wp\/v2\/users\/1"}],"replies":[{"embeddable":true,"href":"https:\/\/sindiobag.com\/fr\/wp-json\/wp\/v2\/comments?post=3"}],"version-history":[{"count":0,"href":"https:\/\/sindiobag.com\/fr\/wp-json\/wp\/v2\/pages\/3\/revisions"}],"wp:attachment":[{"href":"https:\/\/sindiobag.com\/fr\/wp-json\/wp\/v2\/media?parent=3"}],"curies":[{"name":"wp","href":"https:\/\/api.w.org\/{rel}","templated":true}]}}