{"id":2183,"date":"2024-06-04T20:30:11","date_gmt":"2024-06-04T20:30:11","guid":{"rendered":"https:\/\/sindiobag.com\/?page_id=2183"},"modified":"2024-06-07T07:52:40","modified_gmt":"2024-06-07T07:52:40","slug":"lifetime-warranty","status":"publish","type":"page","link":"https:\/\/sindiobag.com\/fr\/lifetime-warranty\/","title":{"rendered":"Garantie \u00e0 vie"},"content":{"rendered":"<div data-elementor-type=\"wp-page\" data-elementor-id=\"2183\" class=\"elementor elementor-2183\" data-elementor-post-type=\"page\">\n\t\t\t\t<div class=\"elementor-element elementor-element-875390a e-flex e-con-boxed e-con e-parent\" data-id=\"875390a\" data-element_type=\"container\" data-e-type=\"container\" data-settings=\"{&quot;background_background&quot;:&quot;classic&quot;}\">\n\t\t\t\t\t<div class=\"e-con-inner\">\n\t\t\t\t<div class=\"elementor-element elementor-element-ce03fdb elementor-widget elementor-widget-heading\" data-id=\"ce03fdb\" data-element_type=\"widget\" data-e-type=\"widget\" data-widget_type=\"heading.default\">\n\t\t\t\t<div class=\"elementor-widget-container\">\n\t\t\t\t\t<h1 class=\"elementor-heading-title elementor-size-default\">Garantie \u00e0 vie\n<\/h1>\t\t\t\t<\/div>\n\t\t\t\t<\/div>\n\t\t\t\t<div class=\"elementor-element elementor-element-00ba20e elementor-widget__width-initial elementor-widget elementor-widget-text-editor\" data-id=\"00ba20e\" data-element_type=\"widget\" data-e-type=\"widget\" data-widget_type=\"text-editor.default\">\n\t\t\t\t<div class=\"elementor-widget-container\">\n\t\t\t\t\t\t\t\t\t<p dir=\"auto\" data-pm-slice=\"1 1 []\">Nous nous portons garants de la qualit\u00e9 de nos produits. Profitez de l'exp\u00e9rience Sindio en toute s\u00e9r\u00e9nit\u00e9, sans vous soucier des d\u00e9fauts de mat\u00e9riaux ou de la mauvaise qualit\u00e9 de fabrication.<\/p>\t\t\t\t\t\t\t\t<\/div>\n\t\t\t\t<\/div>\n\t\t\t\t\t<\/div>\n\t\t\t\t<\/div>\n\t\t<div class=\"elementor-element elementor-element-34e65c8 e-flex e-con-boxed e-con e-parent\" data-id=\"34e65c8\" data-element_type=\"container\" data-e-type=\"container\">\n\t\t\t\t\t<div class=\"e-con-inner\">\n\t\t<div class=\"elementor-element elementor-element-8f72b45 e-grid e-con-full e-con e-child\" data-id=\"8f72b45\" data-element_type=\"container\" data-e-type=\"container\">\n\t\t<div class=\"elementor-element elementor-element-236beb0 e-con-full e-flex e-con e-child\" data-id=\"236beb0\" data-element_type=\"container\" data-e-type=\"container\">\n\t\t\t\t<div class=\"elementor-element elementor-element-91ac7f8 elementor-widget elementor-widget-heading\" data-id=\"91ac7f8\" data-element_type=\"widget\" data-e-type=\"widget\" data-widget_type=\"heading.default\">\n\t\t\t\t<div class=\"elementor-widget-container\">\n\t\t\t\t\t<h2 class=\"elementor-heading-title elementor-size-default\">Garantie \u00e0 vie Sindio<\/h2>\t\t\t\t<\/div>\n\t\t\t\t<\/div>\n\t\t\t\t<div class=\"elementor-element elementor-element-2e75df2 elementor-icon-list--layout-traditional elementor-list-item-link-full_width elementor-widget elementor-widget-icon-list\" data-id=\"2e75df2\" data-element_type=\"widget\" data-e-type=\"widget\" data-widget_type=\"icon-list.default\">\n\t\t\t\t<div class=\"elementor-widget-container\">\n\t\t\t\t\t\t\t<ul class=\"elementor-icon-list-items\">\n\t\t\t\t\t\t\t<li class=\"elementor-icon-list-item\">\n\t\t\t\t\t\t\t\t\t\t\t<span class=\"elementor-icon-list-icon\">\n\t\t\t\t\t\t\t<svg aria-hidden=\"true\" class=\"e-font-icon-svg e-far-dot-circle\" viewbox=\"0 0 512 512\" xmlns=\"http:\/\/www.w3.org\/2000\/svg\"><path d=\"M256 56c110.532 0 200 89.451 200 200 0 110.532-89.451 200-200 200-110.532 0-200-89.451-200-200 0-110.532 89.451-200 200-200m0-48C119.033 8 8 119.033 8 256s111.033 248 248 248 248-111.033 248-248S392.967 8 256 8zm0 168c-44.183 0-80 35.817-80 80s35.817 80 80 80 80-35.817 80-80-35.817-80-80-80z\"><\/path><\/svg>\t\t\t\t\t\t<\/span>\n\t\t\t\t\t\t\t\t\t\t<span class=\"elementor-icon-list-text\">Notre garantie \u00c0 tous les <i>friendios<\/i>, la garantie Sindio couvre les d\u00e9fauts de mat\u00e9riaux et de fabrication pendant toute la dur\u00e9e de possession du produit. Si votre produit est d\u00e9fectueux, nous le r\u00e9parons, le rempla\u00e7ons ou vous remboursons, en fonction de la disponibilit\u00e9 du produit.<\/span>\n\t\t\t\t\t\t\t\t\t<\/li>\n\t\t\t\t\t\t\t\t<li class=\"elementor-icon-list-item\">\n\t\t\t\t\t\t\t\t\t\t\t<span class=\"elementor-icon-list-icon\">\n\t\t\t\t\t\t\t<svg aria-hidden=\"true\" class=\"e-font-icon-svg e-fas-dot-circle\" viewbox=\"0 0 512 512\" xmlns=\"http:\/\/www.w3.org\/2000\/svg\"><path d=\"M256 8C119.033 8 8 119.033 8 256s111.033 248 248 248 248-111.033 248-248S392.967 8 256 8zm80 248c0 44.112-35.888 80-80 80s-80-35.888-80-80 35.888-80 80-80 80 35.888 80 80z\"><\/path><\/svg>\t\t\t\t\t\t<\/span>\n\t\t\t\t\t\t\t\t\t\t<span class=\"elementor-icon-list-text\">Les d\u00e9fauts sont rares et sont g\u00e9n\u00e9ralement d\u00e9tect\u00e9s lors des premi\u00e8res utilisations de votre produit. Si quelque chose ne va pas, vous vous en rendrez compte assez rapidement. Les produits Sindio sont durables mais pas immortels. Malheureusement, rien n'est \u00e9ternel. La plupart des voyageurs remplacent leurs bagages tous les deux ou trois ans.<\/span>\n\t\t\t\t\t\t\t\t\t<\/li>\n\t\t\t\t\t\t\t\t<li class=\"elementor-icon-list-item\">\n\t\t\t\t\t\t\t\t\t\t\t<span class=\"elementor-icon-list-icon\">\n\t\t\t\t\t\t\t<svg aria-hidden=\"true\" class=\"e-font-icon-svg e-far-dot-circle\" viewbox=\"0 0 512 512\" xmlns=\"http:\/\/www.w3.org\/2000\/svg\"><path d=\"M256 56c110.532 0 200 89.451 200 200 0 110.532-89.451 200-200 200-110.532 0-200-89.451-200-200 0-110.532 89.451-200 200-200m0-48C119.033 8 8 119.033 8 256s111.033 248 248 248 248-111.033 248-248S392.967 8 256 8zm0 168c-44.183 0-80 35.817-80 80s35.817 80 80 80 80-35.817 80-80-35.817-80-80-80z\"><\/path><\/svg>\t\t\t\t\t\t<\/span>\n\t\t\t\t\t\t\t\t\t\t<span class=\"elementor-icon-list-text\">A moins d'un d\u00e9faut comme mentionn\u00e9 ci-dessus, votre Sindio supportera facilement toutes vos aventures pendant cette p\u00e9riode. N'oubliez pas de traiter votre sac \u00e0 dos comme un ami, un v\u00e9ritable meilleur ami. <i>friendio<\/i>.<\/span>\n\t\t\t\t\t\t\t\t\t<\/li>\n\t\t\t\t\t\t\t\t<li class=\"elementor-icon-list-item\">\n\t\t\t\t\t\t\t\t\t\t\t<span class=\"elementor-icon-list-icon\">\n\t\t\t\t\t\t\t<svg aria-hidden=\"true\" class=\"e-font-icon-svg e-fas-dot-circle\" viewbox=\"0 0 512 512\" xmlns=\"http:\/\/www.w3.org\/2000\/svg\"><path d=\"M256 8C119.033 8 8 119.033 8 256s111.033 248 248 248 248-111.033 248-248S392.967 8 256 8zm80 248c0 44.112-35.888 80-80 80s-80-35.888-80-80 35.888-80 80-80 80 35.888 80 80z\"><\/path><\/svg>\t\t\t\t\t\t<\/span>\n\t\t\t\t\t\t\t\t\t\t<span class=\"elementor-icon-list-text\">Ce qui n'est pas couvert : La garantie Sindio ne couvre pas les dommages r\u00e9sultant de l'usure normale, d'une mauvaise utilisation, d'un abus, d'une n\u00e9gligence ou d'un accident. \"L'usure normale comprend les dommages caus\u00e9s aux fermetures \u00e0 glissi\u00e8re et aux boucles par une utilisation normale au fil du temps. Tous les tissus sont susceptibles de se d\u00e9colorer, de se d\u00e9chirer ou de boulocher en cas d'utilisation prolong\u00e9e. Il ne s'agit pas de d\u00e9fauts.<\/span>\n\t\t\t\t\t\t\t\t\t<\/li>\n\t\t\t\t\t\t\t\t<li class=\"elementor-icon-list-item\">\n\t\t\t\t\t\t\t\t\t\t\t<span class=\"elementor-icon-list-icon\">\n\t\t\t\t\t\t\t<svg aria-hidden=\"true\" class=\"e-font-icon-svg e-far-dot-circle\" viewbox=\"0 0 512 512\" xmlns=\"http:\/\/www.w3.org\/2000\/svg\"><path d=\"M256 56c110.532 0 200 89.451 200 200 0 110.532-89.451 200-200 200-110.532 0-200-89.451-200-200 0-110.532 89.451-200 200-200m0-48C119.033 8 8 119.033 8 256s111.033 248 248 248 248-111.033 248-248S392.967 8 256 8zm0 168c-44.183 0-80 35.817-80 80s35.817 80 80 80 80-35.817 80-80-35.817-80-80-80z\"><\/path><\/svg>\t\t\t\t\t\t<\/span>\n\t\t\t\t\t\t\t\t\t\t<span class=\"elementor-icon-list-text\">Cette garantie ne couvre pas les dommages ou pertes cons\u00e9cutifs. Les produits Sindio sont con\u00e7us pour prot\u00e9ger votre mat\u00e9riel, mais nous ne sommes pas responsables des dommages ou de la perte du contenu de votre sac. Cette garantie est limit\u00e9e aux produits Sindio, et non \u00e0 tout ce qui peut \u00eatre transport\u00e9 dans ces produits. Cette garantie exclut les garanties implicites, y compris, mais sans s'y limiter, la qualit\u00e9 marchande ou l'ad\u00e9quation \u00e0 un usage particulier. N'h\u00e9sitez pas \u00e0 nous contacter si vous avez des questions ou des probl\u00e8mes.<\/span>\n\t\t\t\t\t\t\t\t\t<\/li>\n\t\t\t\t\t\t\t\t<li class=\"elementor-icon-list-item\">\n\t\t\t\t\t\t\t\t\t\t\t<span class=\"elementor-icon-list-icon\">\n\t\t\t\t\t\t\t<svg aria-hidden=\"true\" class=\"e-font-icon-svg e-fas-dot-circle\" viewbox=\"0 0 512 512\" xmlns=\"http:\/\/www.w3.org\/2000\/svg\"><path d=\"M256 8C119.033 8 8 119.033 8 256s111.033 248 248 248 248-111.033 248-248S392.967 8 256 8zm80 248c0 44.112-35.888 80-80 80s-80-35.888-80-80 35.888-80 80-80 80 35.888 80 80z\"><\/path><\/svg>\t\t\t\t\t\t<\/span>\n\t\t\t\t\t\t\t\t\t\t<span class=\"elementor-icon-list-text\">Sindio est <i>unique<\/i>, tout comme <i>vous<\/i>! Ne manquez pas l'occasion de poss\u00e9der une pi\u00e8ce qui r\u00e9sonne avec votre individualit\u00e9.<\/span>\n\t\t\t\t\t\t\t\t\t<\/li>\n\t\t\t\t\t\t<\/ul>\n\t\t\t\t\t\t<\/div>\n\t\t\t\t<\/div>\n\t\t\t\t<div class=\"elementor-element elementor-element-b20ee72 elementor-align-left elementor-widget elementor-widget-button\" data-id=\"b20ee72\" data-element_type=\"widget\" data-e-type=\"widget\" data-widget_type=\"button.default\">\n\t\t\t\t<div class=\"elementor-widget-container\">\n\t\t\t\t\t\t\t\t\t<div class=\"elementor-button-wrapper\">\n\t\t\t\t\t<a class=\"elementor-button elementor-button-link elementor-size-sm\" href=\"\/fr\/contact-us\/\">\n\t\t\t\t\t\t<span class=\"elementor-button-content-wrapper\">\n\t\t\t\t\t\t\t\t\t<span class=\"elementor-button-text\">Contact<\/span>\n\t\t\t\t\t<\/span>\n\t\t\t\t\t<\/a>\n\t\t\t\t<\/div>\n\t\t\t\t\t\t\t\t<\/div>\n\t\t\t\t<\/div>\n\t\t\t\t<\/div>\n\t\t<div class=\"elementor-element elementor-element-67ca83c e-con-full e-flex e-con e-child\" data-id=\"67ca83c\" data-element_type=\"container\" data-e-type=\"container\">\n\t\t\t\t<div class=\"elementor-element elementor-element-95f4def elementor-widget elementor-widget-image\" data-id=\"95f4def\" data-element_type=\"widget\" data-e-type=\"widget\" data-widget_type=\"image.default\">\n\t\t\t\t<div class=\"elementor-widget-container\">\n\t\t\t\t\t\t\t\t\t\t\t\t\t\t\t<img fetchpriority=\"high\" decoding=\"async\" width=\"800\" height=\"534\" src=\"https:\/\/sindiobag.com\/wp-content\/uploads\/2024\/05\/sindiobag_0470-2024052914283r-1024x683.jpeg\" class=\"attachment-large size-large wp-image-2094\" alt=\"\" srcset=\"https:\/\/sindiobag.com\/wp-content\/uploads\/2024\/05\/sindiobag_0470-2024052914283r-1024x683.jpeg 1024w, https:\/\/sindiobag.com\/wp-content\/uploads\/2024\/05\/sindiobag_0470-2024052914283r-300x200.jpeg 300w, https:\/\/sindiobag.com\/wp-content\/uploads\/2024\/05\/sindiobag_0470-2024052914283r-768x512.jpeg 768w, https:\/\/sindiobag.com\/wp-content\/uploads\/2024\/05\/sindiobag_0470-2024052914283r-18x12.jpeg 18w, https:\/\/sindiobag.com\/wp-content\/uploads\/2024\/05\/sindiobag_0470-2024052914283r-600x400.jpeg 600w, https:\/\/sindiobag.com\/wp-content\/uploads\/2024\/05\/sindiobag_0470-2024052914283r.jpeg 1500w\" sizes=\"(max-width: 800px) 100vw, 800px\" \/>\t\t\t\t\t\t\t\t\t\t\t\t\t\t\t<\/div>\n\t\t\t\t<\/div>\n\t\t\t\t<\/div>\n\t\t\t\t<\/div>\n\t\t\t\t\t<\/div>\n\t\t\t\t<\/div>\n\t\t\t\t<\/div>","protected":false},"excerpt":{"rendered":"<p>Lifetime Warranty We confidently stand behind the quality of our products. Embrace the Sindio experience worry-free, with no worries about defects in materials or shoddy craftsmanship. Sindio Lifetime Warranty Our Warranty To all the friendios, the Sindio warranty guarantees against defects in materials and craftsmanship for as long as you own the product. If your [&hellip;]<\/p>\n","protected":false},"author":1,"featured_media":0,"parent":0,"menu_order":0,"comment_status":"closed","ping_status":"closed","template":"elementor_header_footer","meta":{"_acf_changed":false,"footnotes":""},"class_list":["post-2183","page","type-page","status-publish","hentry"],"acf":[],"_links":{"self":[{"href":"https:\/\/sindiobag.com\/fr\/wp-json\/wp\/v2\/pages\/2183","targetHints":{"allow":["GET"]}}],"collection":[{"href":"https:\/\/sindiobag.com\/fr\/wp-json\/wp\/v2\/pages"}],"about":[{"href":"https:\/\/sindiobag.com\/fr\/wp-json\/wp\/v2\/types\/page"}],"author":[{"embeddable":true,"href":"https:\/\/sindiobag.com\/fr\/wp-json\/wp\/v2\/users\/1"}],"replies":[{"embeddable":true,"href":"https:\/\/sindiobag.com\/fr\/wp-json\/wp\/v2\/comments?post=2183"}],"version-history":[{"count":0,"href":"https:\/\/sindiobag.com\/fr\/wp-json\/wp\/v2\/pages\/2183\/revisions"}],"wp:attachment":[{"href":"https:\/\/sindiobag.com\/fr\/wp-json\/wp\/v2\/media?parent=2183"}],"curies":[{"name":"wp","href":"https:\/\/api.w.org\/{rel}","templated":true}]}}