{"id":1809,"date":"2024-05-28T09:47:32","date_gmt":"2024-05-28T09:47:32","guid":{"rendered":"https:\/\/sindiobag.com\/?page_id=1809"},"modified":"2024-06-07T07:54:01","modified_gmt":"2024-06-07T07:54:01","slug":"terms-of-sales","status":"publish","type":"page","link":"https:\/\/sindiobag.com\/fr\/terms-of-sales\/","title":{"rendered":"Conditions de vente"},"content":{"rendered":"<div data-elementor-type=\"wp-page\" data-elementor-id=\"1809\" class=\"elementor elementor-1809\" data-elementor-post-type=\"page\">\n\t\t\t\t<div class=\"elementor-element elementor-element-875390a e-flex e-con-boxed e-con e-parent\" data-id=\"875390a\" data-element_type=\"container\" data-e-type=\"container\" data-settings=\"{&quot;background_background&quot;:&quot;classic&quot;}\">\n\t\t\t\t\t<div class=\"e-con-inner\">\n\t\t\t\t<div class=\"elementor-element elementor-element-ce03fdb elementor-widget elementor-widget-heading\" data-id=\"ce03fdb\" data-element_type=\"widget\" data-e-type=\"widget\" data-widget_type=\"heading.default\">\n\t\t\t\t<div class=\"elementor-widget-container\">\n\t\t\t\t\t<h1 class=\"elementor-heading-title elementor-size-default\">Conditions de vente\n<\/h1>\t\t\t\t<\/div>\n\t\t\t\t<\/div>\n\t\t\t\t\t<\/div>\n\t\t\t\t<\/div>\n\t\t<div class=\"elementor-element elementor-element-594e1fb terms-sales e-flex e-con-boxed e-con e-parent\" data-id=\"594e1fb\" data-element_type=\"container\" data-e-type=\"container\">\n\t\t\t\t\t<div class=\"e-con-inner\">\n\t\t\t\t<div class=\"elementor-element elementor-element-6b0fea3 elementor-icon-list--layout-traditional elementor-list-item-link-full_width elementor-widget elementor-widget-icon-list\" data-id=\"6b0fea3\" data-element_type=\"widget\" data-e-type=\"widget\" data-widget_type=\"icon-list.default\">\n\t\t\t\t<div class=\"elementor-widget-container\">\n\t\t\t\t\t\t\t<ul class=\"elementor-icon-list-items\">\n\t\t\t\t\t\t\t<li class=\"elementor-icon-list-item\">\n\t\t\t\t\t\t\t\t\t\t\t<a href=\"#terms-and-conditions\">\n\n\t\t\t\t\t\t\t\t\t\t\t\t<span class=\"elementor-icon-list-icon\">\n\t\t\t\t\t\t\t<svg aria-hidden=\"true\" class=\"e-font-icon-svg e-fas-arrow-circle-right\" viewbox=\"0 0 512 512\" xmlns=\"http:\/\/www.w3.org\/2000\/svg\"><path d=\"M256 8c137 0 248 111 248 248S393 504 256 504 8 393 8 256 119 8 256 8zm-28.9 143.6l75.5 72.4H120c-13.3 0-24 10.7-24 24v16c0 13.3 10.7 24 24 24h182.6l-75.5 72.4c-9.7 9.3-9.9 24.8-.4 34.3l11 10.9c9.4 9.4 24.6 9.4 33.9 0L404.3 273c9.4-9.4 9.4-24.6 0-33.9L271.6 106.3c-9.4-9.4-24.6-9.4-33.9 0l-11 10.9c-9.5 9.6-9.3 25.1.4 34.4z\"><\/path><\/svg>\t\t\t\t\t\t<\/span>\n\t\t\t\t\t\t\t\t\t\t<span class=\"elementor-icon-list-text\">Conditions d'utilisation<\/span>\n\t\t\t\t\t\t\t\t\t\t\t<\/a>\n\t\t\t\t\t\t\t\t\t<\/li>\n\t\t\t\t\t\t\t\t<li class=\"elementor-icon-list-item\">\n\t\t\t\t\t\t\t\t\t\t\t<a href=\"#order-and-payment\">\n\n\t\t\t\t\t\t\t\t\t\t\t\t<span class=\"elementor-icon-list-icon\">\n\t\t\t\t\t\t\t<svg aria-hidden=\"true\" class=\"e-font-icon-svg e-fas-arrow-circle-right\" viewbox=\"0 0 512 512\" xmlns=\"http:\/\/www.w3.org\/2000\/svg\"><path d=\"M256 8c137 0 248 111 248 248S393 504 256 504 8 393 8 256 119 8 256 8zm-28.9 143.6l75.5 72.4H120c-13.3 0-24 10.7-24 24v16c0 13.3 10.7 24 24 24h182.6l-75.5 72.4c-9.7 9.3-9.9 24.8-.4 34.3l11 10.9c9.4 9.4 24.6 9.4 33.9 0L404.3 273c9.4-9.4 9.4-24.6 0-33.9L271.6 106.3c-9.4-9.4-24.6-9.4-33.9 0l-11 10.9c-9.5 9.6-9.3 25.1.4 34.4z\"><\/path><\/svg>\t\t\t\t\t\t<\/span>\n\t\t\t\t\t\t\t\t\t\t<span class=\"elementor-icon-list-text\">Commande et paiement<\/span>\n\t\t\t\t\t\t\t\t\t\t\t<\/a>\n\t\t\t\t\t\t\t\t\t<\/li>\n\t\t\t\t\t\t\t\t<li class=\"elementor-icon-list-item\">\n\t\t\t\t\t\t\t\t\t\t\t<a href=\"#delivery\">\n\n\t\t\t\t\t\t\t\t\t\t\t\t<span class=\"elementor-icon-list-icon\">\n\t\t\t\t\t\t\t<svg aria-hidden=\"true\" class=\"e-font-icon-svg e-fas-arrow-circle-right\" viewbox=\"0 0 512 512\" xmlns=\"http:\/\/www.w3.org\/2000\/svg\"><path d=\"M256 8c137 0 248 111 248 248S393 504 256 504 8 393 8 256 119 8 256 8zm-28.9 143.6l75.5 72.4H120c-13.3 0-24 10.7-24 24v16c0 13.3 10.7 24 24 24h182.6l-75.5 72.4c-9.7 9.3-9.9 24.8-.4 34.3l11 10.9c9.4 9.4 24.6 9.4 33.9 0L404.3 273c9.4-9.4 9.4-24.6 0-33.9L271.6 106.3c-9.4-9.4-24.6-9.4-33.9 0l-11 10.9c-9.5 9.6-9.3 25.1.4 34.4z\"><\/path><\/svg>\t\t\t\t\t\t<\/span>\n\t\t\t\t\t\t\t\t\t\t<span class=\"elementor-icon-list-text\">Livraison<\/span>\n\t\t\t\t\t\t\t\t\t\t\t<\/a>\n\t\t\t\t\t\t\t\t\t<\/li>\n\t\t\t\t\t\t\t\t<li class=\"elementor-icon-list-item\">\n\t\t\t\t\t\t\t\t\t\t\t<a href=\"#free-return\">\n\n\t\t\t\t\t\t\t\t\t\t\t\t<span class=\"elementor-icon-list-icon\">\n\t\t\t\t\t\t\t<svg aria-hidden=\"true\" class=\"e-font-icon-svg e-fas-arrow-circle-right\" viewbox=\"0 0 512 512\" xmlns=\"http:\/\/www.w3.org\/2000\/svg\"><path d=\"M256 8c137 0 248 111 248 248S393 504 256 504 8 393 8 256 119 8 256 8zm-28.9 143.6l75.5 72.4H120c-13.3 0-24 10.7-24 24v16c0 13.3 10.7 24 24 24h182.6l-75.5 72.4c-9.7 9.3-9.9 24.8-.4 34.3l11 10.9c9.4 9.4 24.6 9.4 33.9 0L404.3 273c9.4-9.4 9.4-24.6 0-33.9L271.6 106.3c-9.4-9.4-24.6-9.4-33.9 0l-11 10.9c-9.5 9.6-9.3 25.1.4 34.4z\"><\/path><\/svg>\t\t\t\t\t\t<\/span>\n\t\t\t\t\t\t\t\t\t\t<span class=\"elementor-icon-list-text\">Retour gratuit<\/span>\n\t\t\t\t\t\t\t\t\t\t\t<\/a>\n\t\t\t\t\t\t\t\t\t<\/li>\n\t\t\t\t\t\t\t\t<li class=\"elementor-icon-list-item\">\n\t\t\t\t\t\t\t\t\t\t\t<a href=\"#customer-feedback-and-further-support\">\n\n\t\t\t\t\t\t\t\t\t\t\t\t<span class=\"elementor-icon-list-icon\">\n\t\t\t\t\t\t\t<svg aria-hidden=\"true\" class=\"e-font-icon-svg e-fas-arrow-circle-right\" viewbox=\"0 0 512 512\" xmlns=\"http:\/\/www.w3.org\/2000\/svg\"><path d=\"M256 8c137 0 248 111 248 248S393 504 256 504 8 393 8 256 119 8 256 8zm-28.9 143.6l75.5 72.4H120c-13.3 0-24 10.7-24 24v16c0 13.3 10.7 24 24 24h182.6l-75.5 72.4c-9.7 9.3-9.9 24.8-.4 34.3l11 10.9c9.4 9.4 24.6 9.4 33.9 0L404.3 273c9.4-9.4 9.4-24.6 0-33.9L271.6 106.3c-9.4-9.4-24.6-9.4-33.9 0l-11 10.9c-9.5 9.6-9.3 25.1.4 34.4z\"><\/path><\/svg>\t\t\t\t\t\t<\/span>\n\t\t\t\t\t\t\t\t\t\t<span class=\"elementor-icon-list-text\">Retour d'information des clients et soutien suppl\u00e9mentaire<\/span>\n\t\t\t\t\t\t\t\t\t\t\t<\/a>\n\t\t\t\t\t\t\t\t\t<\/li>\n\t\t\t\t\t\t\t\t<li class=\"elementor-icon-list-item\">\n\t\t\t\t\t\t\t\t\t\t\t<a href=\"#copyright\">\n\n\t\t\t\t\t\t\t\t\t\t\t\t<span class=\"elementor-icon-list-icon\">\n\t\t\t\t\t\t\t<svg aria-hidden=\"true\" class=\"e-font-icon-svg e-fas-arrow-circle-right\" viewbox=\"0 0 512 512\" xmlns=\"http:\/\/www.w3.org\/2000\/svg\"><path d=\"M256 8c137 0 248 111 248 248S393 504 256 504 8 393 8 256 119 8 256 8zm-28.9 143.6l75.5 72.4H120c-13.3 0-24 10.7-24 24v16c0 13.3 10.7 24 24 24h182.6l-75.5 72.4c-9.7 9.3-9.9 24.8-.4 34.3l11 10.9c9.4 9.4 24.6 9.4 33.9 0L404.3 273c9.4-9.4 9.4-24.6 0-33.9L271.6 106.3c-9.4-9.4-24.6-9.4-33.9 0l-11 10.9c-9.5 9.6-9.3 25.1.4 34.4z\"><\/path><\/svg>\t\t\t\t\t\t<\/span>\n\t\t\t\t\t\t\t\t\t\t<span class=\"elementor-icon-list-text\">Code de conduite<\/span>\n\t\t\t\t\t\t\t\t\t\t\t<\/a>\n\t\t\t\t\t\t\t\t\t<\/li>\n\t\t\t\t\t\t\t\t<li class=\"elementor-icon-list-item\">\n\t\t\t\t\t\t\t\t\t\t\t<a href=\"#copyright\">\n\n\t\t\t\t\t\t\t\t\t\t\t\t<span class=\"elementor-icon-list-icon\">\n\t\t\t\t\t\t\t<svg aria-hidden=\"true\" class=\"e-font-icon-svg e-fas-arrow-circle-right\" viewbox=\"0 0 512 512\" xmlns=\"http:\/\/www.w3.org\/2000\/svg\"><path d=\"M256 8c137 0 248 111 248 248S393 504 256 504 8 393 8 256 119 8 256 8zm-28.9 143.6l75.5 72.4H120c-13.3 0-24 10.7-24 24v16c0 13.3 10.7 24 24 24h182.6l-75.5 72.4c-9.7 9.3-9.9 24.8-.4 34.3l11 10.9c9.4 9.4 24.6 9.4 33.9 0L404.3 273c9.4-9.4 9.4-24.6 0-33.9L271.6 106.3c-9.4-9.4-24.6-9.4-33.9 0l-11 10.9c-9.5 9.6-9.3 25.1.4 34.4z\"><\/path><\/svg>\t\t\t\t\t\t<\/span>\n\t\t\t\t\t\t\t\t\t\t<span class=\"elementor-icon-list-text\">Droit d'auteur<\/span>\n\t\t\t\t\t\t\t\t\t\t\t<\/a>\n\t\t\t\t\t\t\t\t\t<\/li>\n\t\t\t\t\t\t<\/ul>\n\t\t\t\t\t\t<\/div>\n\t\t\t\t<\/div>\n\t\t\t\t<div class=\"elementor-element elementor-element-0c20b88 elementor-align-start elementor-icon-list--layout-traditional elementor-list-item-link-full_width elementor-widget elementor-widget-icon-list\" data-id=\"0c20b88\" data-element_type=\"widget\" data-e-type=\"widget\" data-widget_type=\"icon-list.default\">\n\t\t\t\t<div class=\"elementor-widget-container\">\n\t\t\t\t\t\t\t<ul class=\"elementor-icon-list-items\">\n\t\t\t\t\t\t\t<li class=\"elementor-icon-list-item\">\n\t\t\t\t\t\t\t\t\t\t<span class=\"elementor-icon-list-text\">Conditions d'utilisation<\/span>\n\t\t\t\t\t\t\t\t\t<\/li>\n\t\t\t\t\t\t<\/ul>\n\t\t\t\t\t\t<\/div>\n\t\t\t\t<\/div>\n\t\t\t\t<div class=\"elementor-element elementor-element-9aff770 elementor-widget elementor-widget-text-editor\" data-id=\"9aff770\" data-element_type=\"widget\" data-e-type=\"widget\" data-widget_type=\"text-editor.default\">\n\t\t\t\t<div class=\"elementor-widget-container\">\n\t\t\t\t\t\t\t\t\t<p>Ces conditions s'appliquent \u00e0 toutes les activit\u00e9s entre vous et Sindio S.R.L. (ci-apr\u00e8s d\u00e9nomm\u00e9e \"Sindiobag\", \"la boutique en ligne Sindiobag\", \"la boutique en ligne\" ou \"nous\"). Toute commande implique l'acceptation des conditions g\u00e9n\u00e9rales.<\/p>\n<p>Sindiobag s'efforce de d\u00e9crire les conditions g\u00e9n\u00e9rales en termes clairs et compr\u00e9hensibles. Veuillez lire attentivement ces conditions avant de passer commande.<br \/><span style=\"color: var( --e-global-color-text ); font-size: 18px; font-weight: 400;\">Sindiobag <\/span>se r\u00e9serve le droit de modifier les conditions g\u00e9n\u00e9rales \u00e0 tout moment et sans pr\u00e9avis.<\/p>\n<p>T\u00e9l\u00e9charger les conditions g\u00e9n\u00e9rales<\/p>\n<h5>1.1 Informations sur l'entreprise<\/h5>\n<p>Sindio S.R.L (Sindiobag)<br \/>144 Rue Mattot, 1410 Waterloo (Belgique)<br \/>Num\u00e9ro de TVA\/soci\u00e9t\u00e9 : BE0684559385<br \/>Telephone: <a href=\"tel:+32%20800%2037%20620\"><span class=\"elementor-icon-list-text\">+32 800 37 620<\/span><\/a><br \/>Courriel : info@sindio.com<br \/>Num\u00e9ro de compte : BE37 3631 6895 3428 (note : veuillez toujours mentionner la communication unique non structur\u00e9e de votre confirmation de commande).<\/p>\n<h5>1.2 Pr\u00e9cision des donn\u00e9es<\/h5>\n<p>Nous nous effor\u00e7ons de veiller \u00e0 ce que les informations contenues dans ce site soient compl\u00e8tes, exactes et \u00e0 jour. Malgr\u00e9 tous ces efforts, certaines de ces donn\u00e9es peuvent \u00eatre inexactes, incompl\u00e8tes ou p\u00e9rim\u00e9es. Sindiobag ne peut fournir aucune garantie quant \u00e0 l'exhaustivit\u00e9, l'exactitude ou l'actualit\u00e9 des informations pr\u00e9sent\u00e9es sur ce site web.<\/p>\n<h5>1.3 Prix<\/h5>\n<p>Tous les prix mentionn\u00e9s sur la boutique en ligne Sindiobag sont libell\u00e9s en euros. Ils incluent tous la TVA de 21%, mais ne comprennent pas les frais d'exp\u00e9dition.<\/p>\n<h5>1.4 Conformit\u00e9 et garantie<\/h5>\n<p>Nous garantissons que nos marchandises sont conformes \u00e0 votre commande et qu'elles r\u00e9pondent aux attentes normales que vous pouvez avoir, compte tenu des sp\u00e9cifications du produit. Nous garantissons \u00e9galement, bien entendu, que nos marchandises sont conformes \u00e0 toutes les lois en vigueur au moment de votre commande.<br \/>En ce qui concerne la livraison des marchandises, nous appliquons \u00e9galement la p\u00e9riode de garantie l\u00e9gale minimale de deux ans si les marchandises ne sont pas conformes \u00e0 la commande pass\u00e9e. Cette garantie implique que tout bien qui pr\u00e9sente des d\u00e9fauts ou des vices sera r\u00e9par\u00e9 ou remplac\u00e9 gratuitement jusqu'\u00e0 2 mois apr\u00e8s sa livraison.<br \/>Dans la mesure du possible et du raisonnable, vous avez le choix entre la r\u00e9paration et le remplacement. Vous n'avez le droit d'exiger une r\u00e9duction du prix ou la r\u00e9siliation du contrat de vente que si la r\u00e9paration ou le remplacement s'av\u00e8re excessif ou impossible ou s'il ne peut \u00eatre effectu\u00e9 dans un d\u00e9lai raisonnable.<br \/>Nous vous demandons de nous informer de chaque d\u00e9faut ou vice dans un d\u00e9lai de deux mois \u00e0 compter de la constatation. Tout d\u00e9faut ou vice qui se manifeste dans les 2 mois de la livraison est r\u00e9put\u00e9 avoir exist\u00e9 avant la livraison, sauf si nous sommes en mesure de prouver le contraire. Au-del\u00e0 de 2 mois, c'est \u00e0 vous de prouver que le d\u00e9faut existait avant la livraison.<\/p>\n<h5>1.5 \u00c9tat des marchandises<\/h5>\n<p>Tous les articles propos\u00e9s \u00e0 l'achat dans la boutique en ligne Sindiobag sont neufs, d'une propret\u00e9 irr\u00e9prochable et n'ont jamais \u00e9t\u00e9 port\u00e9s. Tous les produits de la boutique en ligne sont illustr\u00e9s par des photos et accompagn\u00e9s d'une explication claire (marque, description, prix, promotion \u00e9ventuelle, tailles disponibles, instructions de lavage, etc.)<\/p>\n<h5>1.6 Couleurs<\/h5>\n<p>Nous mettons tout en \u0153uvre pour que les couleurs des articles pr\u00e9sent\u00e9s dans la boutique en ligne soient conformes \u00e0 la r\u00e9alit\u00e9. Veuillez toutefois noter que les couleurs pr\u00e9sent\u00e9es sur les photos peuvent diff\u00e9rer l\u00e9g\u00e8rement des couleurs r\u00e9elles (en fonction de l'\u00e9cran, de la luminosit\u00e9, etc.). N'h\u00e9sitez pas \u00e0 nous contacter si vous avez des doutes sur une couleur.<\/p>\n<h5>1.7 Offre de biens et libre choix de la commande<\/h5>\n<p>La pr\u00e9sentation de nos produits dans la boutique en ligne Sindiobag n'est qu'une invitation non contraignante \u00e0 commander des marchandises chez nous. L'envoi de la commande constitue une offre ferme de conclure un contrat d'achat.<br \/>Nous acceptons cette offre d\u00e8s lors que nous livrons les marchandises. L'e-mail de confirmation de commande g\u00e9n\u00e9r\u00e9 automatiquement ne constitue pas une acceptation de l'offre, mais vous informe simplement que nous avons re\u00e7u votre commande. Nous sommes libres d'accepter ou non une commande. Nous vous informerons imm\u00e9diatement si nous d\u00e9cidons de ne pas honorer une commande.<br \/>Sindiobag ne vend ses articles qu'aux consommateurs finaux et uniquement dans les quantit\u00e9s habituelles dans le commerce.<\/p>\n<h5>1.8 Limitation de la responsabilit\u00e9<\/h5>\n<p>Les informations contenues dans ce site sont de nature g\u00e9n\u00e9rale. Elles ne sont pas adapt\u00e9es \u00e0 des circonstances personnelles ou sp\u00e9cifiques et ne peuvent \u00eatre consid\u00e9r\u00e9es comme des conseils personnels, professionnels ou juridiques \u00e0 l'utilisateur.<br \/>Sindiobag met tout en \u0153uvre pour que les informations fournies soient compl\u00e8tes, correctes, pr\u00e9cises et \u00e0 jour. Malgr\u00e9 ces efforts, des erreurs peuvent se glisser dans les informations fournies. Si les informations fournies contiennent des erreurs ou si certaines informations sur ou via le site sont indisponibles, Sindiobag mettra tout en \u0153uvre pour rem\u00e9dier \u00e0 la situation dans les plus brefs d\u00e9lais.<\/p>\n<p>Sindiobag ne peut \u00eatre tenu responsable des dommages directs ou indirects r\u00e9sultant de l'utilisation des informations contenues dans ce site.<br \/>Si vous constatez des erreurs dans les informations fournies par ce site, vous pouvez contacter l'administrateur du site.<br \/>Le contenu du site (y compris les liens) peut \u00eatre modifi\u00e9 ou compl\u00e9t\u00e9 \u00e0 tout moment, sans pr\u00e9avis ni notification. Sindiobag ne garantit pas le bon fonctionnement du site et ne peut en aucun cas \u00eatre tenu responsable du mauvais fonctionnement ou de la disponibilit\u00e9 (non) temporaire du site ou de tout dommage, direct ou indirect, r\u00e9sultant de l'acc\u00e8s ou de l'utilisation du site.<br \/>Sindiobag ne peut se pr\u00e9valoir \u00e0 l'encontre de quiconque, d'une responsabilit\u00e9 directe ou indirecte, sp\u00e9ciale ou autre, pour les dommages r\u00e9sultant de l'utilisation de ce site ou d'un autre, notamment du fait de liens ou d'hyperliens, y compris, sans limitation, toutes pertes, arr\u00eats de travail, d\u00e9t\u00e9rioration de programmes ou d'autres donn\u00e9es sur le syst\u00e8me informatique de l'utilisateur, le mat\u00e9riel, les logiciels ou autres.<br \/>Le site peut contenir des liens hypertextes vers des sites ou des pages de tiers, ou y faire r\u00e9f\u00e9rence indirectement. L'inclusion de liens vers ces sites ou pages n'implique pas l'approbation de leur contenu.<br \/>Sindiobag d\u00e9clare express\u00e9ment n'avoir aucun contr\u00f4le sur le contenu ou les autres caract\u00e9ristiques de ces sites et ne peut en aucun cas \u00eatre tenu responsable du contenu ou de la fonctionnalit\u00e9 ou de toute autre forme de dommage caus\u00e9 par leur utilisation.<\/p>\t\t\t\t\t\t\t\t<\/div>\n\t\t\t\t<\/div>\n\t\t\t\t<div class=\"elementor-element elementor-element-d0fb41b elementor-align-start elementor-icon-list--layout-traditional elementor-list-item-link-full_width elementor-widget elementor-widget-icon-list\" data-id=\"d0fb41b\" data-element_type=\"widget\" data-e-type=\"widget\" data-widget_type=\"icon-list.default\">\n\t\t\t\t<div class=\"elementor-widget-container\">\n\t\t\t\t\t\t\t<ul class=\"elementor-icon-list-items\">\n\t\t\t\t\t\t\t<li class=\"elementor-icon-list-item\">\n\t\t\t\t\t\t\t\t\t\t<span class=\"elementor-icon-list-text\">Commande et paiement<\/span>\n\t\t\t\t\t\t\t\t\t<\/li>\n\t\t\t\t\t\t<\/ul>\n\t\t\t\t\t\t<\/div>\n\t\t\t\t<\/div>\n\t\t\t\t<div class=\"elementor-element elementor-element-91d7e83 elementor-widget elementor-widget-text-editor\" data-id=\"91d7e83\" data-element_type=\"widget\" data-e-type=\"widget\" data-widget_type=\"text-editor.default\">\n\t\t\t\t<div class=\"elementor-widget-container\">\n\t\t\t\t\t\t\t\t\t<h5>2.1 Commande et accord<\/h5>\n<p>Apr\u00e8s l'inscription, vous pouvez passer une commande dans la boutique en ligne. Dans un d\u00e9lai maximum de 24 heures, vous recevrez un e-mail de confirmation et un r\u00e9capitulatif de votre commande. Apr\u00e8s paiement et r\u00e9ception de vos articles, vous disposez, en tant que client, d'un d\u00e9lai de 14 jours pour retourner ou \u00e9changer les articles via la boutique en ligne ou les d\u00e9p\u00f4ts (voir \"droit de r\u00e9tractation\"). Pass\u00e9 ce d\u00e9lai, votre achat est consid\u00e9r\u00e9 comme d\u00e9finitif et vous restez propri\u00e9taire des articles achet\u00e9s.<br \/>Nous vous recommandons de nous contacter au pr\u00e9alable si vous avez des questions ou des doutes afin d'\u00e9viter tout malentendu et toute d\u00e9ception. Nous partons du principe que les donn\u00e9es que vous nous avez fournies lors de l'inscription et de la commande sont v\u00e9ridiques. En effet, toute information erron\u00e9e ou incompl\u00e8te peut compromettre le traitement rapide et la livraison de la commande. En outre, il vous incombe, en tant que client, de pr\u00e9server la confidentialit\u00e9 de votre mot de passe afin d'\u00e9viter toute utilisation abusive.<\/p>\n<h5>2.2 Valeur minimale de la commande<\/h5>\n<p>Le montant minimum de commande dans la boutique en ligne Sindiobag est de 20 euros TVA incluse.<\/p>\n<h5>2.3 Modes de paiement<\/h5>\n<p>Vous pouvez r\u00e9gler vos achats dans la boutique en ligne en utilisant plusieurs modes de paiement.<br \/>Si vous optez pour un paiement par net banking (BNP Paribas Fortis, Dexia, ING et KBC) ou par carte de cr\u00e9dit (VISA et Mastercard), le montant est imm\u00e9diatement d\u00e9duit de votre compte et nous pouvons traiter votre commande imm\u00e9diatement.<\/p>\n<h5>2.4 S\u00e9curit\u00e9 des paiements en ligne<\/h5>\n<p>Tous les paiements en ligne sont effectu\u00e9s par le biais d'une transaction s\u00e9curis\u00e9e en collaboration avec notre partenaire Bancontact, Stripe ou PayPal. Vos donn\u00e9es de paiement et les informations relatives \u00e0 votre carte de cr\u00e9dit ne seront utilis\u00e9es que pour le paiement de la commande et ne seront jamais communiqu\u00e9es \u00e0 des tiers.<\/p>\n<h5>2.5 Affichage des prix<\/h5>\n<p>Sindiobag s'engage \u00e0 toujours afficher des prix corrects dans l'e-shop pour les articles propos\u00e9s \u00e0 la vente. Dans le cas exceptionnel o\u00f9 des prix incorrects seraient affich\u00e9s par erreur, que ce soit en raison d'un probl\u00e8me technique ou d'une erreur humaine, le crit\u00e8re de la \"bonne foi du consommateur\" reste d'application.<br \/>L'obligation du vendeur de vendre au prix indiqu\u00e9 sur son site web, m\u00eame s'il s'agit d'une erreur \u00e0 son d\u00e9triment, est affaiblie par le crit\u00e8re de la bonne foi du consommateur, qui doit avoir raisonnablement cru que le prix indiqu\u00e9 \u00e9tait correct. (Source : OIVO, le centre de recherche et d'information des organisations de consommateurs, se r\u00e9f\u00e9rant \u00e0 la l\u00e9gislation sur le caract\u00e8re raisonnable de l'indication des prix).<\/p>\t\t\t\t\t\t\t\t<\/div>\n\t\t\t\t<\/div>\n\t\t\t\t\t<\/div>\n\t\t\t\t<\/div>\n\t\t\t\t<\/div>","protected":false},"excerpt":{"rendered":"<p>Terms Of Sales Terms and conditions Order and Payment Delivery Free Return Customer feedback and further support Code of Conduct Copyright Terms and conditions These terms apply to all activities between you and Sindio S.R.L. (hereinafter referred to as \u201cSindiobag\u201d, \u201cSindiobag online store\u201d, \u201cthe online store\u201d or \u201cwe\u201d). Any order implies acceptance of the general [&hellip;]<\/p>\n","protected":false},"author":1,"featured_media":0,"parent":0,"menu_order":0,"comment_status":"closed","ping_status":"closed","template":"elementor_header_footer","meta":{"_acf_changed":false,"footnotes":""},"class_list":["post-1809","page","type-page","status-publish","hentry"],"acf":[],"_links":{"self":[{"href":"https:\/\/sindiobag.com\/fr\/wp-json\/wp\/v2\/pages\/1809","targetHints":{"allow":["GET"]}}],"collection":[{"href":"https:\/\/sindiobag.com\/fr\/wp-json\/wp\/v2\/pages"}],"about":[{"href":"https:\/\/sindiobag.com\/fr\/wp-json\/wp\/v2\/types\/page"}],"author":[{"embeddable":true,"href":"https:\/\/sindiobag.com\/fr\/wp-json\/wp\/v2\/users\/1"}],"replies":[{"embeddable":true,"href":"https:\/\/sindiobag.com\/fr\/wp-json\/wp\/v2\/comments?post=1809"}],"version-history":[{"count":0,"href":"https:\/\/sindiobag.com\/fr\/wp-json\/wp\/v2\/pages\/1809\/revisions"}],"wp:attachment":[{"href":"https:\/\/sindiobag.com\/fr\/wp-json\/wp\/v2\/media?parent=1809"}],"curies":[{"name":"wp","href":"https:\/\/api.w.org\/{rel}","templated":true}]}}